{"id":8407,"date":"2020-01-10T12:31:08","date_gmt":"2020-01-10T19:31:08","guid":{"rendered":"https:\/\/centredappuifamilial.ca\/?post_type=product&#038;p=8407"},"modified":"2023-06-27T15:53:17","modified_gmt":"2023-06-27T21:53:17","slug":"cuisine-collective-fevrier-2020","status":"publish","type":"product","link":"https:\/\/centredappuifamilial.ca\/en\/product\/cuisine-collective-fevrier-2020\/","title":{"rendered":"Cuisine collective &#8211; F\u00e9vrier 2020"},"content":{"rendered":"<div class=\"fusion-fullwidth fullwidth-box fusion-builder-row-1 nonhundred-percent-fullwidth non-hundred-percent-height-scrolling\" style=\"--awb-border-radius-top-left:0px;--awb-border-radius-top-right:0px;--awb-border-radius-bottom-right:0px;--awb-border-radius-bottom-left:0px;--awb-flex-wrap:wrap;\" ><div class=\"fusion-builder-row fusion-row\"><div class=\"fusion-layout-column fusion_builder_column fusion-builder-column-0 fusion_builder_column_1_1 1_1 fusion-one-full fusion-column-first fusion-column-last\" style=\"--awb-bg-size:cover;--awb-margin-bottom:0px;\"><div class=\"fusion-column-wrapper fusion-flex-column-wrapper-legacy\"><div class=\"fusion-text fusion-text-1\"><\/div><div class=\"fusion-clearfix\"><\/div><\/div><\/div><\/div><\/div>\n","protected":false},"excerpt":{"rendered":"<p><span style=\"color: #000080;\"><strong>Jeudi 6 f\u00e9vrier 2020<\/strong><\/span><\/p>\n<p><strong>De 18h00 \u00e0 21h00<\/strong><\/p>\n<p>\u00c0 l\u2019\u00e9cole Sainte-Marguerite-Bourgeoys\u00a0 (4700 Richard road SW &#8211; Calgary)<\/p>\n<p>Les cuisines collectives, c\u2019est plus que de la cuisine. C\u2019est une fa\u00e7on de manger sainement et \u00e0 moindre co\u00fbt. On sort de la maison, on rencontre de nouvelles personnes et on fait aussi de belles d\u00e9couvertes culinaires. On rit, on s\u2019amuse et on repart avec plein de nourriture\u00a0d\u00e9j\u00e0 toute pr\u00e9par\u00e9e.<\/p>\n<p><span style=\"color: #800080;\">Cet \u00e9v\u00e8nement est organis\u00e9 en partenariat entre le Centre d\u2019appui familial et le Centre d\u2019accueil francophone.<\/span><\/p>\n<p><strong><span style=\"color: #800000;\">Tarif 10.00$ par personne<\/span><\/strong><\/p>\n<p><strong>Inscriptions obligatoires \u00e0 info@cdafsa.ca ou au 403-249-0525 poste 6<\/strong><\/p>\n<p><span style=\"color: #008080;\"><em><strong>Service de garde et repas pour les enfants \u00e2g\u00e9s de 3 \u00e0 10 ans: 5.00$ par enfant* (*sur inscription uniquement) <\/strong><\/em><\/span><\/p>\n<p><span style=\"color: #000080;\"><strong>Menu avec des recettes simples et rapides pour faciliter la routine de la journ\u00e9e:<\/strong><\/span><\/p>\n<ul>\n<li>Galettes de superh\u00e9ros<\/li>\n<li>Salade de p\u00e2tes au thon et \u00e0 la courge<\/li>\n<li>Potage de carottes<\/li>\n<li>Riz \u00e0 la salsa de ma\u00efs<\/li>\n<li>Quiche au brocoli et bacon (une variante sans bacon sera propos\u00e9e si besoin)<\/li>\n<\/ul>\n<p>&nbsp;<\/p>\n<p>&nbsp;<\/p>\n<p>&nbsp;<\/p>\n","protected":false},"author":2,"featured_media":8409,"comment_status":"open","ping_status":"closed","template":"","meta":{"_monsterinsights_skip_tracking":false,"_monsterinsights_sitenote_active":false,"_monsterinsights_sitenote_note":"","_monsterinsights_sitenote_category":0},"product_brand":[],"product_cat":[114,113,95],"product_tag":[],"class_list":{"0":"post-8407","1":"product","2":"type-product","3":"status-publish","4":"has-post-thumbnail","6":"product_cat-activites-famille-en-semaine-en","7":"product_cat-calgary-genesis-en","8":"product_cat-calgary-so-en","10":"first","11":"outofstock","12":"downloadable","13":"virtual","14":"product-type-simple"},"yoast_head":"<!-- This site is optimized with the Yoast SEO plugin v27.3 - https:\/\/yoast.com\/product\/yoast-seo-wordpress\/ -->\n<title>Cuisine collective - F\u00e9vrier 2020 - Le Centre d&#039;Appui Familial<\/title>\n<meta name=\"robots\" content=\"index, follow, max-snippet:-1, max-image-preview:large, max-video-preview:-1\" \/>\n<link rel=\"canonical\" href=\"https:\/\/centredappuifamilial.ca\/en\/product\/cuisine-collective-fevrier-2020\/\" \/>\n<meta property=\"og:locale\" content=\"en_US\" \/>\n<meta property=\"og:type\" content=\"article\" \/>\n<meta property=\"og:title\" content=\"Cuisine collective - F\u00e9vrier 2020 - Le Centre d&#039;Appui Familial\" \/>\n<meta property=\"og:description\" content=\"Jeudi 6 f\u00e9vrier 2020  De 18h00 \u00e0 21h00  \u00c0 l\u2019\u00e9cole Sainte-Marguerite-Bourgeoys\u00a0 (4700 Richard road SW - Calgary)  Les cuisines collectives, c\u2019est plus que de la cuisine. C\u2019est une fa\u00e7on de manger sainement et \u00e0 moindre co\u00fbt. On sort de la maison, on rencontre de nouvelles personnes et on fait aussi de belles d\u00e9couvertes culinaires. On rit, on s\u2019amuse et on repart avec plein de nourriture\u00a0d\u00e9j\u00e0 toute pr\u00e9par\u00e9e.  Cet \u00e9v\u00e8nement est organis\u00e9 en partenariat entre le Centre d\u2019appui familial et le Centre d\u2019accueil francophone.  Tarif 10.00$ par personne  Inscriptions obligatoires \u00e0 info@cdafsa.ca ou au 403-249-0525 poste 6  Service de garde et repas pour les enfants \u00e2g\u00e9s de 3 \u00e0 10 ans: 5.00$ par enfant* (*sur inscription uniquement)   Menu avec des recettes simples et rapides pour faciliter la routine de la journ\u00e9e:   Galettes de superh\u00e9ros  Salade de p\u00e2tes au thon et \u00e0 la courge  Potage de carottes  Riz \u00e0 la salsa de ma\u00efs  Quiche au brocoli et bacon (une variante sans bacon sera propos\u00e9e si besoin)  &nbsp;  &nbsp;  &nbsp;\" \/>\n<meta property=\"og:url\" content=\"https:\/\/centredappuifamilial.ca\/en\/product\/cuisine-collective-fevrier-2020\/\" \/>\n<meta property=\"og:site_name\" content=\"Le Centre d&#039;Appui Familial\" \/>\n<meta property=\"article:modified_time\" content=\"2023-06-27T21:53:17+00:00\" \/>\n<meta property=\"og:image\" content=\"https:\/\/centredappuifamilial.ca\/wp-content\/uploads\/2020\/01\/Cuisine-collective-f\u00e9vrier-2020.png\" \/>\n\t<meta property=\"og:image:width\" content=\"1650\" \/>\n\t<meta property=\"og:image:height\" content=\"1275\" \/>\n\t<meta property=\"og:image:type\" content=\"image\/png\" \/>\n<meta name=\"twitter:card\" content=\"summary_large_image\" \/>\n<meta name=\"twitter:label1\" content=\"Est. reading time\" \/>\n\t<meta name=\"twitter:data1\" content=\"1 minute\" \/>\n<script type=\"application\/ld+json\" class=\"yoast-schema-graph\">{\"@context\":\"https:\\\/\\\/schema.org\",\"@graph\":[{\"@type\":\"WebPage\",\"@id\":\"https:\\\/\\\/centredappuifamilial.ca\\\/en\\\/product\\\/cuisine-collective-fevrier-2020\\\/\",\"url\":\"https:\\\/\\\/centredappuifamilial.ca\\\/en\\\/product\\\/cuisine-collective-fevrier-2020\\\/\",\"name\":\"Cuisine collective - F\u00e9vrier 2020 - Le Centre d&#039;Appui Familial\",\"isPartOf\":{\"@id\":\"https:\\\/\\\/centredappuifamilial.ca\\\/#website\"},\"primaryImageOfPage\":{\"@id\":\"https:\\\/\\\/centredappuifamilial.ca\\\/en\\\/product\\\/cuisine-collective-fevrier-2020\\\/#primaryimage\"},\"image\":{\"@id\":\"https:\\\/\\\/centredappuifamilial.ca\\\/en\\\/product\\\/cuisine-collective-fevrier-2020\\\/#primaryimage\"},\"thumbnailUrl\":\"https:\\\/\\\/centredappuifamilial.ca\\\/wp-content\\\/uploads\\\/2020\\\/01\\\/Cuisine-collective-f\u00e9vrier-2020.png\",\"datePublished\":\"2020-01-10T19:31:08+00:00\",\"dateModified\":\"2023-06-27T21:53:17+00:00\",\"breadcrumb\":{\"@id\":\"https:\\\/\\\/centredappuifamilial.ca\\\/en\\\/product\\\/cuisine-collective-fevrier-2020\\\/#breadcrumb\"},\"inLanguage\":\"en-US\",\"potentialAction\":[{\"@type\":\"ReadAction\",\"target\":[\"https:\\\/\\\/centredappuifamilial.ca\\\/en\\\/product\\\/cuisine-collective-fevrier-2020\\\/\"]}]},{\"@type\":\"ImageObject\",\"inLanguage\":\"en-US\",\"@id\":\"https:\\\/\\\/centredappuifamilial.ca\\\/en\\\/product\\\/cuisine-collective-fevrier-2020\\\/#primaryimage\",\"url\":\"https:\\\/\\\/centredappuifamilial.ca\\\/wp-content\\\/uploads\\\/2020\\\/01\\\/Cuisine-collective-f\u00e9vrier-2020.png\",\"contentUrl\":\"https:\\\/\\\/centredappuifamilial.ca\\\/wp-content\\\/uploads\\\/2020\\\/01\\\/Cuisine-collective-f\u00e9vrier-2020.png\",\"width\":1650,\"height\":1275},{\"@type\":\"BreadcrumbList\",\"@id\":\"https:\\\/\\\/centredappuifamilial.ca\\\/en\\\/product\\\/cuisine-collective-fevrier-2020\\\/#breadcrumb\",\"itemListElement\":[{\"@type\":\"ListItem\",\"position\":1,\"name\":\"Home\",\"item\":\"https:\\\/\\\/centredappuifamilial.ca\\\/en\\\/\"},{\"@type\":\"ListItem\",\"position\":2,\"name\":\"Shop\",\"item\":\"https:\\\/\\\/centredappuifamilial.ca\\\/en\\\/shop\\\/\"},{\"@type\":\"ListItem\",\"position\":3,\"name\":\"Cuisine collective &#8211; F\u00e9vrier 2020\"}]},{\"@type\":\"WebSite\",\"@id\":\"https:\\\/\\\/centredappuifamilial.ca\\\/#website\",\"url\":\"https:\\\/\\\/centredappuifamilial.ca\\\/\",\"name\":\"Le Centre d&#039;Appui Familial\",\"description\":\"Le Centre d&#039;Appui Familial\",\"potentialAction\":[{\"@type\":\"SearchAction\",\"target\":{\"@type\":\"EntryPoint\",\"urlTemplate\":\"https:\\\/\\\/centredappuifamilial.ca\\\/?s={search_term_string}\"},\"query-input\":{\"@type\":\"PropertyValueSpecification\",\"valueRequired\":true,\"valueName\":\"search_term_string\"}}],\"inLanguage\":\"en-US\"}]}<\/script>\n<!-- \/ Yoast SEO plugin. -->","yoast_head_json":{"title":"Cuisine collective - F\u00e9vrier 2020 - Le Centre d&#039;Appui Familial","robots":{"index":"index","follow":"follow","max-snippet":"max-snippet:-1","max-image-preview":"max-image-preview:large","max-video-preview":"max-video-preview:-1"},"canonical":"https:\/\/centredappuifamilial.ca\/en\/product\/cuisine-collective-fevrier-2020\/","og_locale":"en_US","og_type":"article","og_title":"Cuisine collective - F\u00e9vrier 2020 - Le Centre d&#039;Appui Familial","og_description":"Jeudi 6 f\u00e9vrier 2020  De 18h00 \u00e0 21h00  \u00c0 l\u2019\u00e9cole Sainte-Marguerite-Bourgeoys\u00a0 (4700 Richard road SW - Calgary)  Les cuisines collectives, c\u2019est plus que de la cuisine. C\u2019est une fa\u00e7on de manger sainement et \u00e0 moindre co\u00fbt. On sort de la maison, on rencontre de nouvelles personnes et on fait aussi de belles d\u00e9couvertes culinaires. On rit, on s\u2019amuse et on repart avec plein de nourriture\u00a0d\u00e9j\u00e0 toute pr\u00e9par\u00e9e.  Cet \u00e9v\u00e8nement est organis\u00e9 en partenariat entre le Centre d\u2019appui familial et le Centre d\u2019accueil francophone.  Tarif 10.00$ par personne  Inscriptions obligatoires \u00e0 info@cdafsa.ca ou au 403-249-0525 poste 6  Service de garde et repas pour les enfants \u00e2g\u00e9s de 3 \u00e0 10 ans: 5.00$ par enfant* (*sur inscription uniquement)   Menu avec des recettes simples et rapides pour faciliter la routine de la journ\u00e9e:   Galettes de superh\u00e9ros  Salade de p\u00e2tes au thon et \u00e0 la courge  Potage de carottes  Riz \u00e0 la salsa de ma\u00efs  Quiche au brocoli et bacon (une variante sans bacon sera propos\u00e9e si besoin)  &nbsp;  &nbsp;  &nbsp;","og_url":"https:\/\/centredappuifamilial.ca\/en\/product\/cuisine-collective-fevrier-2020\/","og_site_name":"Le Centre d&#039;Appui Familial","article_modified_time":"2023-06-27T21:53:17+00:00","og_image":[{"width":1650,"height":1275,"url":"https:\/\/centredappuifamilial.ca\/wp-content\/uploads\/2020\/01\/Cuisine-collective-f\u00e9vrier-2020.png","type":"image\/png"}],"twitter_card":"summary_large_image","twitter_misc":{"Est. reading time":"1 minute"},"schema":{"@context":"https:\/\/schema.org","@graph":[{"@type":"WebPage","@id":"https:\/\/centredappuifamilial.ca\/en\/product\/cuisine-collective-fevrier-2020\/","url":"https:\/\/centredappuifamilial.ca\/en\/product\/cuisine-collective-fevrier-2020\/","name":"Cuisine collective - F\u00e9vrier 2020 - Le Centre d&#039;Appui Familial","isPartOf":{"@id":"https:\/\/centredappuifamilial.ca\/#website"},"primaryImageOfPage":{"@id":"https:\/\/centredappuifamilial.ca\/en\/product\/cuisine-collective-fevrier-2020\/#primaryimage"},"image":{"@id":"https:\/\/centredappuifamilial.ca\/en\/product\/cuisine-collective-fevrier-2020\/#primaryimage"},"thumbnailUrl":"https:\/\/centredappuifamilial.ca\/wp-content\/uploads\/2020\/01\/Cuisine-collective-f\u00e9vrier-2020.png","datePublished":"2020-01-10T19:31:08+00:00","dateModified":"2023-06-27T21:53:17+00:00","breadcrumb":{"@id":"https:\/\/centredappuifamilial.ca\/en\/product\/cuisine-collective-fevrier-2020\/#breadcrumb"},"inLanguage":"en-US","potentialAction":[{"@type":"ReadAction","target":["https:\/\/centredappuifamilial.ca\/en\/product\/cuisine-collective-fevrier-2020\/"]}]},{"@type":"ImageObject","inLanguage":"en-US","@id":"https:\/\/centredappuifamilial.ca\/en\/product\/cuisine-collective-fevrier-2020\/#primaryimage","url":"https:\/\/centredappuifamilial.ca\/wp-content\/uploads\/2020\/01\/Cuisine-collective-f\u00e9vrier-2020.png","contentUrl":"https:\/\/centredappuifamilial.ca\/wp-content\/uploads\/2020\/01\/Cuisine-collective-f\u00e9vrier-2020.png","width":1650,"height":1275},{"@type":"BreadcrumbList","@id":"https:\/\/centredappuifamilial.ca\/en\/product\/cuisine-collective-fevrier-2020\/#breadcrumb","itemListElement":[{"@type":"ListItem","position":1,"name":"Home","item":"https:\/\/centredappuifamilial.ca\/en\/"},{"@type":"ListItem","position":2,"name":"Shop","item":"https:\/\/centredappuifamilial.ca\/en\/shop\/"},{"@type":"ListItem","position":3,"name":"Cuisine collective &#8211; F\u00e9vrier 2020"}]},{"@type":"WebSite","@id":"https:\/\/centredappuifamilial.ca\/#website","url":"https:\/\/centredappuifamilial.ca\/","name":"Le Centre d&#039;Appui Familial","description":"Le Centre d&#039;Appui Familial","potentialAction":[{"@type":"SearchAction","target":{"@type":"EntryPoint","urlTemplate":"https:\/\/centredappuifamilial.ca\/?s={search_term_string}"},"query-input":{"@type":"PropertyValueSpecification","valueRequired":true,"valueName":"search_term_string"}}],"inLanguage":"en-US"}]}},"_links":{"self":[{"href":"https:\/\/centredappuifamilial.ca\/en\/wp-json\/wp\/v2\/product\/8407","targetHints":{"allow":["GET"]}}],"collection":[{"href":"https:\/\/centredappuifamilial.ca\/en\/wp-json\/wp\/v2\/product"}],"about":[{"href":"https:\/\/centredappuifamilial.ca\/en\/wp-json\/wp\/v2\/types\/product"}],"author":[{"embeddable":true,"href":"https:\/\/centredappuifamilial.ca\/en\/wp-json\/wp\/v2\/users\/2"}],"replies":[{"embeddable":true,"href":"https:\/\/centredappuifamilial.ca\/en\/wp-json\/wp\/v2\/comments?post=8407"}],"wp:featuredmedia":[{"embeddable":true,"href":"https:\/\/centredappuifamilial.ca\/en\/wp-json\/wp\/v2\/media\/8409"}],"wp:attachment":[{"href":"https:\/\/centredappuifamilial.ca\/en\/wp-json\/wp\/v2\/media?parent=8407"}],"wp:term":[{"taxonomy":"product_brand","embeddable":true,"href":"https:\/\/centredappuifamilial.ca\/en\/wp-json\/wp\/v2\/product_brand?post=8407"},{"taxonomy":"product_cat","embeddable":true,"href":"https:\/\/centredappuifamilial.ca\/en\/wp-json\/wp\/v2\/product_cat?post=8407"},{"taxonomy":"product_tag","embeddable":true,"href":"https:\/\/centredappuifamilial.ca\/en\/wp-json\/wp\/v2\/product_tag?post=8407"}],"curies":[{"name":"wp","href":"https:\/\/api.w.org\/{rel}","templated":true}]}}