{"id":6565,"date":"2019-08-12T15:18:00","date_gmt":"2019-08-12T21:18:00","guid":{"rendered":"https:\/\/centredappuifamilial.ca\/?post_type=product&#038;p=6565"},"modified":"2020-04-27T07:48:55","modified_gmt":"2020-04-27T13:48:55","slug":"formation-pret-a-rester-seul-fevrier-2020","status":"publish","type":"product","link":"https:\/\/centredappuifamilial.ca\/en\/product\/formation-pret-a-rester-seul-fevrier-2020\/","title":{"rendered":"Formation Pr\u00eat \u00e0 rester seul &#8211; F\u00e9vrier 2020"},"content":{"rendered":"<div class=\"fusion-fullwidth fullwidth-box fusion-builder-row-1 nonhundred-percent-fullwidth non-hundred-percent-height-scrolling\" style=\"--awb-border-radius-top-left:0px;--awb-border-radius-top-right:0px;--awb-border-radius-bottom-right:0px;--awb-border-radius-bottom-left:0px;--awb-flex-wrap:wrap;\" ><div class=\"fusion-builder-row fusion-row\"><div class=\"fusion-layout-column fusion_builder_column fusion-builder-column-0 fusion_builder_column_1_1 1_1 fusion-one-full fusion-column-first fusion-column-last\" style=\"--awb-bg-size:cover;--awb-margin-bottom:0px;\"><div class=\"fusion-column-wrapper fusion-flex-column-wrapper-legacy\"><div class=\"fusion-text fusion-text-1\"><p><strong>Inscriptions obligatoires avant le 30 janvier 2020<\/strong><\/p>\n<div class=\"fusion-fullwidth fullwidth-box nonhundred-percent-fullwidth non-hundred-percent-height-scrolling\">\n<div class=\"fusion-builder-row fusion-row \">\n<div class=\"fusion-layout-column fusion_builder_column fusion_builder_column_1_2 fusion-one-half fusion-column-last 1_2\">\n<div class=\"fusion-column-wrapper\">\n<div class=\"fusion-text\">\n<p><strong>Contenu du cours<\/strong><\/p>\n<ul>\n<li>Faire preuve de respect et prendre ses responsabilit\u00e9s.<\/li>\n<li>\u00c9tablir et suivre des r\u00e8gles de s\u00e9curit\u00e9 lorsqu\u2019on est seul.<\/li>\n<li>Comment assurer sa s\u00e9curit\u00e9 \u00e0 la maison et dans la collectivit\u00e9.<\/li>\n<li>Comment se pr\u00e9parer aux situations impr\u00e9vues, les reconna\u00eetre et bien r\u00e9agir lorsqu\u2019elles surviennent (p.\u00a0ex. les intemp\u00e9ries, les rencontres d\u2019\u00e9trangers ou les visites inattendues).<\/li>\n<\/ul>\n<p><strong>Notions de secourisme abord\u00e9es :<\/strong><\/p>\n<p>L\u2019approche \u00ab V\u00e9rifier, Appeler, Secourir \u00bb (y compris comment appeler les SMU\/9-1-1); la position lat\u00e9rale de s\u00e9curit\u00e9; l\u2019obstruction des voies respiratoires chez une personne consciente (adulte\/enfant\/soi-m\u00eame); les maladies; l\u2019asthme (y compris comment utiliser un inhalateur et une chambre de retenue); l\u2019anaphylaxie (y compris comment utiliser un auto-injecteur EpiPen<sup>MD<\/sup>); les empoisonnements; les piq\u00fbres d\u2019insectes; le soin des plaies (p. ex. coupures mineures, \u00e9gratignures, \u00e9chardes, saignements de nez, bosses et ecchymoses, h\u00e9morragies graves, br\u00fblures).<\/p>\n<\/div>\n<\/div>\n<\/div>\n<\/div>\n<\/div>\n<div class=\"fusion-fullwidth fullwidth-box nonhundred-percent-fullwidth non-hundred-percent-height-scrolling\">\n<div class=\"fusion-builder-row fusion-row \">\n<div class=\"fusion-layout-column fusion_builder_column fusion_builder_column_1_2 fusion-one-half 1_2\">\n<div class=\"fusion-column-wrapper\">\n<div class=\"fusion-text\">\n<p>Formation compl\u00e8te d\u2019une dur\u00e9e de 6 heures, pr\u00e9sent\u00e9e en fran\u00e7ais par une formatrice certifi\u00e9e Croix-Rouge.<\/p>\n<\/div>\n<\/div>\n<\/div>\n<\/div>\n<\/div>\n<\/div><div class=\"fusion-clearfix\"><\/div><\/div><\/div><\/div><\/div>\n","protected":false},"excerpt":{"rendered":"[hide for=\"logged\"]<br \/>\n[fusion_button link=\"https:\/\/centredappuifamilial.ca\/produit\/adhesion\/\" text_transform=\"\" title=\"\" target=\"_self\" link_attributes=\"\" alignment=\"left\" modal=\"\" hide_on_mobile=\"small-visibility,medium-visibility,large-visibility\" class=\"\" id=\"\" color=\"default\" button_gradient_top_color=\"\" button_gradient_bottom_color=\"\" button_gradient_top_color_hover=\"\" button_gradient_bottom_color_hover=\"\" accent_color=\"\" accent_hover_color=\"\" type=\"\" bevel_color=\"\" border_width=\"\" size=\"\" stretch=\"default\" shape=\"\" icon=\"\" icon_position=\"left\" icon_divider=\"no\" animation_type=\"\" animation_direction=\"left\" animation_speed=\"0.3\" animation_offset=\"\"]DEVENEZ MEMBRE[\/fusion_button][fusion_button link=\"https:\/\/centredappuifamilial.ca\/mon-compte\/\" text_transform=\"\" title=\"\" target=\"_self\" link_attributes=\"\" alignment=\"\" modal=\"\" hide_on_mobile=\"small-visibility,medium-visibility,large-visibility\" class=\"\" id=\"\" color=\"default\" button_gradient_top_color=\"\" button_gradient_bottom_color=\"\" button_gradient_top_color_hover=\"\" button_gradient_bottom_color_hover=\"\" accent_color=\"\" accent_hover_color=\"\" type=\"\" bevel_color=\"\" border_width=\"\" size=\"\" stretch=\"default\" shape=\"\" icon=\"\" icon_position=\"left\" icon_divider=\"no\" animation_type=\"\" animation_direction=\"left\" animation_speed=\"0.3\" animation_offset=\"\"]S&#8217;IDENTIFIER[\/fusion_button]\u2028[\/hide]\n<p>Dans la vraie vie, m\u00eame les enfants peuvent \u00eatre amen\u00e9s \u00e0 intervenir en cas de situation d\u2019urgence. Le programme\u00a0<strong>Pr\u00eats \u00e0 rester seuls<\/strong>, destin\u00e9 aux <strong>jeunes \u00e2g\u00e9s de 9 \u00e0 13 ans,<\/strong> a comme objectif de leur apprendre les techniques de base en secourisme et de leur permettre d\u2019acqu\u00e9rir les comp\u00e9tences n\u00e9cessaires afin qu\u2019ils puissent assurer leur s\u00e9curit\u00e9 \u00e0 tout moment o\u00f9 ils ne sont pas sous la supervision d\u2019un parent ou d\u2019un adulte de confiance.<\/p>\n<p>Ils apprendront aussi l\u2019importance de faire preuve de respect et de prendre leurs responsabilit\u00e9s. Des mises en situation les pr\u00e9pareront \u00e0 faire face \u00e0 des circonstances impr\u00e9vues. Apr\u00e8s cette formation, ils recevront une attestation de r\u00e9ussite reconnue par la Croix-Rouge et seront ainsi\u00a0Pr\u00eats \u00e0 rester seuls!<\/p>\n<p><span style=\"color: #800000\">Formation en fran\u00e7ais d&#8217;une dur\u00e9e d&#8217;une journ\u00e9e, de 9h00 \u00e0 15h00 (incluant une pause au d\u00eener), dans notre salle d&#8217;activit\u00e9 situ\u00e9e \u00e0 La Cit\u00e9 des Rocheuses.<\/span><\/p>\n","protected":false},"author":2,"featured_media":2724,"comment_status":"open","ping_status":"closed","template":"","meta":{"_monsterinsights_skip_tracking":false,"_monsterinsights_sitenote_active":false,"_monsterinsights_sitenote_note":"","_monsterinsights_sitenote_category":0},"product_brand":[],"product_cat":[95,102],"product_tag":[],"class_list":{"0":"post-6565","1":"product","2":"type-product","3":"status-publish","4":"has-post-thumbnail","6":"product_cat-calgary-so-en","7":"product_cat-croix-rouge-en","9":"first","10":"outofstock","11":"downloadable","12":"virtual","13":"purchasable","14":"product-type-simple"},"yoast_head":"<!-- This site is optimized with the Yoast SEO plugin v27.3 - https:\/\/yoast.com\/product\/yoast-seo-wordpress\/ -->\n<title>Formation Pr\u00eat \u00e0 rester seul - F\u00e9vrier 2020 - Le Centre d&#039;Appui Familial<\/title>\n<meta name=\"robots\" content=\"index, follow, max-snippet:-1, max-image-preview:large, max-video-preview:-1\" \/>\n<link rel=\"canonical\" href=\"https:\/\/centredappuifamilial.ca\/en\/product\/formation-pret-a-rester-seul-fevrier-2020\/\" \/>\n<meta property=\"og:locale\" content=\"en_US\" \/>\n<meta property=\"og:type\" content=\"article\" \/>\n<meta property=\"og:title\" content=\"Formation Pr\u00eat \u00e0 rester seul - F\u00e9vrier 2020 - Le Centre d&#039;Appui Familial\" \/>\n<meta property=\"og:description\" content=\"Dans la vraie vie, m\u00eame les enfants peuvent \u00eatre amen\u00e9s \u00e0 intervenir en cas de situation d\u2019urgence. Le programme\u00a0Pr\u00eats \u00e0 rester seuls, destin\u00e9 aux jeunes \u00e2g\u00e9s de 9 \u00e0 13 ans, a comme objectif de leur apprendre les techniques de base en secourisme et de leur permettre d\u2019acqu\u00e9rir les comp\u00e9tences n\u00e9cessaires afin qu\u2019ils puissent assurer leur s\u00e9curit\u00e9 \u00e0 tout moment o\u00f9 ils ne sont pas sous la supervision d\u2019un parent ou d\u2019un adulte de confiance.  Ils apprendront aussi l\u2019importance de faire preuve de respect et de prendre leurs responsabilit\u00e9s. Des mises en situation les pr\u00e9pareront \u00e0 faire face \u00e0 des circonstances impr\u00e9vues. Apr\u00e8s cette formation, ils recevront une attestation de r\u00e9ussite reconnue par la Croix-Rouge et seront ainsi\u00a0Pr\u00eats \u00e0 rester seuls!  Formation en fran\u00e7ais d&#039;une dur\u00e9e d&#039;une journ\u00e9e, de 9h00 \u00e0 15h00 (incluant une pause au d\u00eener), dans notre salle d&#039;activit\u00e9 situ\u00e9e \u00e0 La Cit\u00e9 des Rocheuses.\" \/>\n<meta property=\"og:url\" content=\"https:\/\/centredappuifamilial.ca\/en\/product\/formation-pret-a-rester-seul-fevrier-2020\/\" \/>\n<meta property=\"og:site_name\" content=\"Le Centre d&#039;Appui Familial\" \/>\n<meta property=\"article:modified_time\" content=\"2020-04-27T13:48:55+00:00\" \/>\n<meta property=\"og:image\" content=\"https:\/\/centredappuifamilial.ca\/wp-content\/uploads\/2018\/08\/resterseul.png\" \/>\n\t<meta property=\"og:image:width\" content=\"600\" \/>\n\t<meta property=\"og:image:height\" content=\"600\" \/>\n\t<meta property=\"og:image:type\" content=\"image\/png\" \/>\n<meta name=\"twitter:card\" content=\"summary_large_image\" \/>\n<meta name=\"twitter:label1\" content=\"Est. reading time\" \/>\n\t<meta name=\"twitter:data1\" content=\"2 minutes\" \/>\n<script type=\"application\/ld+json\" class=\"yoast-schema-graph\">{\"@context\":\"https:\\\/\\\/schema.org\",\"@graph\":[{\"@type\":\"WebPage\",\"@id\":\"https:\\\/\\\/centredappuifamilial.ca\\\/en\\\/product\\\/formation-pret-a-rester-seul-fevrier-2020\\\/\",\"url\":\"https:\\\/\\\/centredappuifamilial.ca\\\/en\\\/product\\\/formation-pret-a-rester-seul-fevrier-2020\\\/\",\"name\":\"Formation Pr\u00eat \u00e0 rester seul - F\u00e9vrier 2020 - Le Centre d&#039;Appui Familial\",\"isPartOf\":{\"@id\":\"https:\\\/\\\/centredappuifamilial.ca\\\/#website\"},\"primaryImageOfPage\":{\"@id\":\"https:\\\/\\\/centredappuifamilial.ca\\\/en\\\/product\\\/formation-pret-a-rester-seul-fevrier-2020\\\/#primaryimage\"},\"image\":{\"@id\":\"https:\\\/\\\/centredappuifamilial.ca\\\/en\\\/product\\\/formation-pret-a-rester-seul-fevrier-2020\\\/#primaryimage\"},\"thumbnailUrl\":\"https:\\\/\\\/centredappuifamilial.ca\\\/wp-content\\\/uploads\\\/2018\\\/08\\\/resterseul.png\",\"datePublished\":\"2019-08-12T21:18:00+00:00\",\"dateModified\":\"2020-04-27T13:48:55+00:00\",\"breadcrumb\":{\"@id\":\"https:\\\/\\\/centredappuifamilial.ca\\\/en\\\/product\\\/formation-pret-a-rester-seul-fevrier-2020\\\/#breadcrumb\"},\"inLanguage\":\"en-US\",\"potentialAction\":[{\"@type\":\"ReadAction\",\"target\":[\"https:\\\/\\\/centredappuifamilial.ca\\\/en\\\/product\\\/formation-pret-a-rester-seul-fevrier-2020\\\/\"]}]},{\"@type\":\"ImageObject\",\"inLanguage\":\"en-US\",\"@id\":\"https:\\\/\\\/centredappuifamilial.ca\\\/en\\\/product\\\/formation-pret-a-rester-seul-fevrier-2020\\\/#primaryimage\",\"url\":\"https:\\\/\\\/centredappuifamilial.ca\\\/wp-content\\\/uploads\\\/2018\\\/08\\\/resterseul.png\",\"contentUrl\":\"https:\\\/\\\/centredappuifamilial.ca\\\/wp-content\\\/uploads\\\/2018\\\/08\\\/resterseul.png\",\"width\":600,\"height\":600},{\"@type\":\"BreadcrumbList\",\"@id\":\"https:\\\/\\\/centredappuifamilial.ca\\\/en\\\/product\\\/formation-pret-a-rester-seul-fevrier-2020\\\/#breadcrumb\",\"itemListElement\":[{\"@type\":\"ListItem\",\"position\":1,\"name\":\"Home\",\"item\":\"https:\\\/\\\/centredappuifamilial.ca\\\/en\\\/\"},{\"@type\":\"ListItem\",\"position\":2,\"name\":\"Shop\",\"item\":\"https:\\\/\\\/centredappuifamilial.ca\\\/en\\\/shop\\\/\"},{\"@type\":\"ListItem\",\"position\":3,\"name\":\"Formation Pr\u00eat \u00e0 rester seul &#8211; F\u00e9vrier 2020\"}]},{\"@type\":\"WebSite\",\"@id\":\"https:\\\/\\\/centredappuifamilial.ca\\\/#website\",\"url\":\"https:\\\/\\\/centredappuifamilial.ca\\\/\",\"name\":\"Le Centre d&#039;Appui Familial\",\"description\":\"Le Centre d&#039;Appui Familial\",\"potentialAction\":[{\"@type\":\"SearchAction\",\"target\":{\"@type\":\"EntryPoint\",\"urlTemplate\":\"https:\\\/\\\/centredappuifamilial.ca\\\/?s={search_term_string}\"},\"query-input\":{\"@type\":\"PropertyValueSpecification\",\"valueRequired\":true,\"valueName\":\"search_term_string\"}}],\"inLanguage\":\"en-US\"}]}<\/script>\n<!-- \/ Yoast SEO plugin. -->","yoast_head_json":{"title":"Formation Pr\u00eat \u00e0 rester seul - F\u00e9vrier 2020 - Le Centre d&#039;Appui Familial","robots":{"index":"index","follow":"follow","max-snippet":"max-snippet:-1","max-image-preview":"max-image-preview:large","max-video-preview":"max-video-preview:-1"},"canonical":"https:\/\/centredappuifamilial.ca\/en\/product\/formation-pret-a-rester-seul-fevrier-2020\/","og_locale":"en_US","og_type":"article","og_title":"Formation Pr\u00eat \u00e0 rester seul - F\u00e9vrier 2020 - Le Centre d&#039;Appui Familial","og_description":"Dans la vraie vie, m\u00eame les enfants peuvent \u00eatre amen\u00e9s \u00e0 intervenir en cas de situation d\u2019urgence. Le programme\u00a0Pr\u00eats \u00e0 rester seuls, destin\u00e9 aux jeunes \u00e2g\u00e9s de 9 \u00e0 13 ans, a comme objectif de leur apprendre les techniques de base en secourisme et de leur permettre d\u2019acqu\u00e9rir les comp\u00e9tences n\u00e9cessaires afin qu\u2019ils puissent assurer leur s\u00e9curit\u00e9 \u00e0 tout moment o\u00f9 ils ne sont pas sous la supervision d\u2019un parent ou d\u2019un adulte de confiance.  Ils apprendront aussi l\u2019importance de faire preuve de respect et de prendre leurs responsabilit\u00e9s. Des mises en situation les pr\u00e9pareront \u00e0 faire face \u00e0 des circonstances impr\u00e9vues. Apr\u00e8s cette formation, ils recevront une attestation de r\u00e9ussite reconnue par la Croix-Rouge et seront ainsi\u00a0Pr\u00eats \u00e0 rester seuls!  Formation en fran\u00e7ais d'une dur\u00e9e d'une journ\u00e9e, de 9h00 \u00e0 15h00 (incluant une pause au d\u00eener), dans notre salle d'activit\u00e9 situ\u00e9e \u00e0 La Cit\u00e9 des Rocheuses.","og_url":"https:\/\/centredappuifamilial.ca\/en\/product\/formation-pret-a-rester-seul-fevrier-2020\/","og_site_name":"Le Centre d&#039;Appui Familial","article_modified_time":"2020-04-27T13:48:55+00:00","og_image":[{"width":600,"height":600,"url":"https:\/\/centredappuifamilial.ca\/wp-content\/uploads\/2018\/08\/resterseul.png","type":"image\/png"}],"twitter_card":"summary_large_image","twitter_misc":{"Est. reading time":"2 minutes"},"schema":{"@context":"https:\/\/schema.org","@graph":[{"@type":"WebPage","@id":"https:\/\/centredappuifamilial.ca\/en\/product\/formation-pret-a-rester-seul-fevrier-2020\/","url":"https:\/\/centredappuifamilial.ca\/en\/product\/formation-pret-a-rester-seul-fevrier-2020\/","name":"Formation Pr\u00eat \u00e0 rester seul - F\u00e9vrier 2020 - Le Centre d&#039;Appui Familial","isPartOf":{"@id":"https:\/\/centredappuifamilial.ca\/#website"},"primaryImageOfPage":{"@id":"https:\/\/centredappuifamilial.ca\/en\/product\/formation-pret-a-rester-seul-fevrier-2020\/#primaryimage"},"image":{"@id":"https:\/\/centredappuifamilial.ca\/en\/product\/formation-pret-a-rester-seul-fevrier-2020\/#primaryimage"},"thumbnailUrl":"https:\/\/centredappuifamilial.ca\/wp-content\/uploads\/2018\/08\/resterseul.png","datePublished":"2019-08-12T21:18:00+00:00","dateModified":"2020-04-27T13:48:55+00:00","breadcrumb":{"@id":"https:\/\/centredappuifamilial.ca\/en\/product\/formation-pret-a-rester-seul-fevrier-2020\/#breadcrumb"},"inLanguage":"en-US","potentialAction":[{"@type":"ReadAction","target":["https:\/\/centredappuifamilial.ca\/en\/product\/formation-pret-a-rester-seul-fevrier-2020\/"]}]},{"@type":"ImageObject","inLanguage":"en-US","@id":"https:\/\/centredappuifamilial.ca\/en\/product\/formation-pret-a-rester-seul-fevrier-2020\/#primaryimage","url":"https:\/\/centredappuifamilial.ca\/wp-content\/uploads\/2018\/08\/resterseul.png","contentUrl":"https:\/\/centredappuifamilial.ca\/wp-content\/uploads\/2018\/08\/resterseul.png","width":600,"height":600},{"@type":"BreadcrumbList","@id":"https:\/\/centredappuifamilial.ca\/en\/product\/formation-pret-a-rester-seul-fevrier-2020\/#breadcrumb","itemListElement":[{"@type":"ListItem","position":1,"name":"Home","item":"https:\/\/centredappuifamilial.ca\/en\/"},{"@type":"ListItem","position":2,"name":"Shop","item":"https:\/\/centredappuifamilial.ca\/en\/shop\/"},{"@type":"ListItem","position":3,"name":"Formation Pr\u00eat \u00e0 rester seul &#8211; F\u00e9vrier 2020"}]},{"@type":"WebSite","@id":"https:\/\/centredappuifamilial.ca\/#website","url":"https:\/\/centredappuifamilial.ca\/","name":"Le Centre d&#039;Appui Familial","description":"Le Centre d&#039;Appui Familial","potentialAction":[{"@type":"SearchAction","target":{"@type":"EntryPoint","urlTemplate":"https:\/\/centredappuifamilial.ca\/?s={search_term_string}"},"query-input":{"@type":"PropertyValueSpecification","valueRequired":true,"valueName":"search_term_string"}}],"inLanguage":"en-US"}]}},"_links":{"self":[{"href":"https:\/\/centredappuifamilial.ca\/en\/wp-json\/wp\/v2\/product\/6565","targetHints":{"allow":["GET"]}}],"collection":[{"href":"https:\/\/centredappuifamilial.ca\/en\/wp-json\/wp\/v2\/product"}],"about":[{"href":"https:\/\/centredappuifamilial.ca\/en\/wp-json\/wp\/v2\/types\/product"}],"author":[{"embeddable":true,"href":"https:\/\/centredappuifamilial.ca\/en\/wp-json\/wp\/v2\/users\/2"}],"replies":[{"embeddable":true,"href":"https:\/\/centredappuifamilial.ca\/en\/wp-json\/wp\/v2\/comments?post=6565"}],"wp:featuredmedia":[{"embeddable":true,"href":"https:\/\/centredappuifamilial.ca\/en\/wp-json\/wp\/v2\/media\/2724"}],"wp:attachment":[{"href":"https:\/\/centredappuifamilial.ca\/en\/wp-json\/wp\/v2\/media?parent=6565"}],"wp:term":[{"taxonomy":"product_brand","embeddable":true,"href":"https:\/\/centredappuifamilial.ca\/en\/wp-json\/wp\/v2\/product_brand?post=6565"},{"taxonomy":"product_cat","embeddable":true,"href":"https:\/\/centredappuifamilial.ca\/en\/wp-json\/wp\/v2\/product_cat?post=6565"},{"taxonomy":"product_tag","embeddable":true,"href":"https:\/\/centredappuifamilial.ca\/en\/wp-json\/wp\/v2\/product_tag?post=6565"}],"curies":[{"name":"wp","href":"https:\/\/api.w.org\/{rel}","templated":true}]}}