{"id":5838,"date":"2019-04-01T13:38:07","date_gmt":"2019-04-01T19:38:07","guid":{"rendered":"https:\/\/centredappuifamilial.ca\/?post_type=product&#038;p=5838"},"modified":"2019-04-12T14:19:27","modified_gmt":"2019-04-12T20:19:27","slug":"sortie-familiale-a-butterfield-acres-avril-2019","status":"publish","type":"product","link":"https:\/\/centredappuifamilial.ca\/en\/product\/sortie-familiale-a-butterfield-acres-avril-2019\/","title":{"rendered":"Sortie familiale \u00e0 Butterfield Acres &#8211; Avril 2019"},"content":{"rendered":"<div class=\"fusion-fullwidth fullwidth-box fusion-builder-row-1 nonhundred-percent-fullwidth non-hundred-percent-height-scrolling\" style=\"--awb-border-radius-top-left:0px;--awb-border-radius-top-right:0px;--awb-border-radius-bottom-right:0px;--awb-border-radius-bottom-left:0px;--awb-flex-wrap:wrap;\" ><div class=\"fusion-builder-row fusion-row\"><div class=\"fusion-layout-column fusion_builder_column fusion-builder-column-0 fusion_builder_column_1_1 1_1 fusion-one-full fusion-column-first fusion-column-last\" style=\"--awb-bg-size:cover;--awb-margin-bottom:0px;\"><div class=\"fusion-column-wrapper fusion-flex-column-wrapper-legacy\"><div class=\"fusion-text fusion-text-1\"><\/div><div class=\"fusion-clearfix\"><\/div><\/div><\/div><\/div><\/div>\n","protected":false},"excerpt":{"rendered":"<p><strong><span style=\"color: #800080;\">Participez aux L\u00e9gendaires Chasses de P\u00e2ques \u00e0 la ferme Butterfield Acres !<\/span><\/strong><br \/>\n<strong>Samedi 20 avril 2019<\/strong><\/p>\n<p>Tout commence dans l\u2019\u00c9table des anniversaires, o\u00f9 nous \u00e9couterons la l\u00e9gende du Lapin de P\u00e2ques! Lorsque nous saurons ce qu\u2019il faut lui ramener, le moment sera venu pour les enfants de se lancer dans une passionnante chasse au tr\u00e9sor, panier \u00e0 la main. Tous les objets r\u00e9colt\u00e9s devront revenir \u00e0 l\u2019atelier secret du Lapin de P\u00e2ques, avant d\u2019\u00eatre transform\u00e9s par magie en de d\u00e9licieux \u0153ufs qui raviront les enfants du monde entier. Les petits aventuriers se rendront alors au Palais des prairies, o\u00f9 ils obtiendront tout le n\u00e9cessaire pour faire leur propre plantation de printemps, dans des pots ensemenc\u00e9s, arros\u00e9s et emball\u00e9s, pr\u00eats \u00e0 ramener \u00e0 la maison. Ensuite, direction la ferme pour rendre visite aux animaux et faire un tour de poney, avant de se diriger vers la sortie, o\u00f9 le Lapin de P\u00e2ques aura laiss\u00e9 un petit quelque chose \u00e0 chaque enfant pour le remercier de l\u2019avoir aid\u00e9.<\/p>\n<p><strong><span style=\"color: #008000;\">Tarifs: 10.00$ par adulte et 7.00$ par enfant (1 an et plus)<\/span><\/strong><\/p>\n<p><strong>Inscriptions au plus tard le 15 avril 2019 au<\/strong><br \/>\n<strong>403-249-1749 (option 1-1) ou caf@citedesrocheuses.com<\/strong><\/p>\n<p><em>Transport en bus possible au d\u00e9part de la Cit\u00e9 des Rocheuses (SO) ou du centre Genesis (NE) selon inscriptions<\/em><\/p>\n","protected":false},"author":2,"featured_media":5840,"comment_status":"open","ping_status":"closed","template":"","meta":{"_monsterinsights_skip_tracking":false,"_monsterinsights_sitenote_active":false,"_monsterinsights_sitenote_note":"","_monsterinsights_sitenote_category":0},"product_brand":[],"product_cat":[113,95,109],"product_tag":[],"class_list":{"0":"post-5838","1":"product","2":"type-product","3":"status-publish","4":"has-post-thumbnail","6":"product_cat-calgary-genesis-en","7":"product_cat-calgary-so-en","8":"product_cat-sortie-en","10":"first","11":"outofstock","12":"downloadable","13":"virtual","14":"product-type-simple"},"yoast_head":"<!-- This site is optimized with the Yoast SEO plugin v27.5 - https:\/\/yoast.com\/product\/yoast-seo-wordpress\/ -->\n<title>Sortie familiale \u00e0 Butterfield Acres - Avril 2019 - Le Centre d&#039;Appui Familial<\/title>\n<meta name=\"robots\" content=\"index, follow, max-snippet:-1, max-image-preview:large, max-video-preview:-1\" \/>\n<link rel=\"canonical\" href=\"https:\/\/centredappuifamilial.ca\/en\/product\/sortie-familiale-a-butterfield-acres-avril-2019\/\" \/>\n<meta property=\"og:locale\" content=\"en_US\" \/>\n<meta property=\"og:type\" content=\"article\" \/>\n<meta property=\"og:title\" content=\"Sortie familiale \u00e0 Butterfield Acres - Avril 2019 - Le Centre d&#039;Appui Familial\" \/>\n<meta property=\"og:description\" content=\"Participez aux L\u00e9gendaires Chasses de P\u00e2ques \u00e0 la ferme Butterfield Acres ! Samedi 20 avril 2019  Tout commence dans l\u2019\u00c9table des anniversaires, o\u00f9 nous \u00e9couterons la l\u00e9gende du Lapin de P\u00e2ques! Lorsque nous saurons ce qu\u2019il faut lui ramener, le moment sera venu pour les enfants de se lancer dans une passionnante chasse au tr\u00e9sor, panier \u00e0 la main. Tous les objets r\u00e9colt\u00e9s devront revenir \u00e0 l\u2019atelier secret du Lapin de P\u00e2ques, avant d\u2019\u00eatre transform\u00e9s par magie en de d\u00e9licieux \u0153ufs qui raviront les enfants du monde entier. Les petits aventuriers se rendront alors au Palais des prairies, o\u00f9 ils obtiendront tout le n\u00e9cessaire pour faire leur propre plantation de printemps, dans des pots ensemenc\u00e9s, arros\u00e9s et emball\u00e9s, pr\u00eats \u00e0 ramener \u00e0 la maison. Ensuite, direction la ferme pour rendre visite aux animaux et faire un tour de poney, avant de se diriger vers la sortie, o\u00f9 le Lapin de P\u00e2ques aura laiss\u00e9 un petit quelque chose \u00e0 chaque enfant pour le remercier de l\u2019avoir aid\u00e9.  Tarifs: 10.00$ par adulte et 7.00$ par enfant (1 an et plus)  Inscriptions au plus tard le 15 avril 2019 au 403-249-1749 (option 1-1) ou caf@citedesrocheuses.com  Transport en bus possible au d\u00e9part de la Cit\u00e9 des Rocheuses (SO) ou du centre Genesis (NE) selon inscriptions\" \/>\n<meta property=\"og:url\" content=\"https:\/\/centredappuifamilial.ca\/en\/product\/sortie-familiale-a-butterfield-acres-avril-2019\/\" \/>\n<meta property=\"og:site_name\" content=\"Le Centre d&#039;Appui Familial\" \/>\n<meta property=\"article:modified_time\" content=\"2019-04-12T20:19:27+00:00\" \/>\n<meta property=\"og:image\" content=\"https:\/\/centredappuifamilial.ca\/wp-content\/uploads\/2019\/04\/sortie-en-famille-\u00e0-butterfield-acres.png\" \/>\n\t<meta property=\"og:image:width\" content=\"1650\" \/>\n\t<meta property=\"og:image:height\" content=\"1275\" \/>\n\t<meta property=\"og:image:type\" content=\"image\/png\" \/>\n<meta name=\"twitter:card\" content=\"summary_large_image\" \/>\n<meta name=\"twitter:label1\" content=\"Est. reading time\" \/>\n\t<meta name=\"twitter:data1\" content=\"1 minute\" \/>\n<script type=\"application\/ld+json\" class=\"yoast-schema-graph\">{\"@context\":\"https:\\\/\\\/schema.org\",\"@graph\":[{\"@type\":\"WebPage\",\"@id\":\"https:\\\/\\\/centredappuifamilial.ca\\\/en\\\/product\\\/sortie-familiale-a-butterfield-acres-avril-2019\\\/\",\"url\":\"https:\\\/\\\/centredappuifamilial.ca\\\/en\\\/product\\\/sortie-familiale-a-butterfield-acres-avril-2019\\\/\",\"name\":\"Sortie familiale \u00e0 Butterfield Acres - Avril 2019 - Le Centre d&#039;Appui Familial\",\"isPartOf\":{\"@id\":\"https:\\\/\\\/centredappuifamilial.ca\\\/#website\"},\"primaryImageOfPage\":{\"@id\":\"https:\\\/\\\/centredappuifamilial.ca\\\/en\\\/product\\\/sortie-familiale-a-butterfield-acres-avril-2019\\\/#primaryimage\"},\"image\":{\"@id\":\"https:\\\/\\\/centredappuifamilial.ca\\\/en\\\/product\\\/sortie-familiale-a-butterfield-acres-avril-2019\\\/#primaryimage\"},\"thumbnailUrl\":\"https:\\\/\\\/centredappuifamilial.ca\\\/wp-content\\\/uploads\\\/2019\\\/04\\\/sortie-en-famille-\u00e0-butterfield-acres.png\",\"datePublished\":\"2019-04-01T19:38:07+00:00\",\"dateModified\":\"2019-04-12T20:19:27+00:00\",\"breadcrumb\":{\"@id\":\"https:\\\/\\\/centredappuifamilial.ca\\\/en\\\/product\\\/sortie-familiale-a-butterfield-acres-avril-2019\\\/#breadcrumb\"},\"inLanguage\":\"en-US\",\"potentialAction\":[{\"@type\":\"ReadAction\",\"target\":[\"https:\\\/\\\/centredappuifamilial.ca\\\/en\\\/product\\\/sortie-familiale-a-butterfield-acres-avril-2019\\\/\"]}]},{\"@type\":\"ImageObject\",\"inLanguage\":\"en-US\",\"@id\":\"https:\\\/\\\/centredappuifamilial.ca\\\/en\\\/product\\\/sortie-familiale-a-butterfield-acres-avril-2019\\\/#primaryimage\",\"url\":\"https:\\\/\\\/centredappuifamilial.ca\\\/wp-content\\\/uploads\\\/2019\\\/04\\\/sortie-en-famille-\u00e0-butterfield-acres.png\",\"contentUrl\":\"https:\\\/\\\/centredappuifamilial.ca\\\/wp-content\\\/uploads\\\/2019\\\/04\\\/sortie-en-famille-\u00e0-butterfield-acres.png\",\"width\":1650,\"height\":1275},{\"@type\":\"BreadcrumbList\",\"@id\":\"https:\\\/\\\/centredappuifamilial.ca\\\/en\\\/product\\\/sortie-familiale-a-butterfield-acres-avril-2019\\\/#breadcrumb\",\"itemListElement\":[{\"@type\":\"ListItem\",\"position\":1,\"name\":\"Home\",\"item\":\"https:\\\/\\\/centredappuifamilial.ca\\\/en\\\/\"},{\"@type\":\"ListItem\",\"position\":2,\"name\":\"Shop\",\"item\":\"https:\\\/\\\/centredappuifamilial.ca\\\/en\\\/shop\\\/\"},{\"@type\":\"ListItem\",\"position\":3,\"name\":\"Sortie familiale \u00e0 Butterfield Acres &#8211; Avril 2019\"}]},{\"@type\":\"WebSite\",\"@id\":\"https:\\\/\\\/centredappuifamilial.ca\\\/#website\",\"url\":\"https:\\\/\\\/centredappuifamilial.ca\\\/\",\"name\":\"Le Centre d&#039;Appui Familial\",\"description\":\"Le Centre d&#039;Appui Familial\",\"potentialAction\":[{\"@type\":\"SearchAction\",\"target\":{\"@type\":\"EntryPoint\",\"urlTemplate\":\"https:\\\/\\\/centredappuifamilial.ca\\\/?s={search_term_string}\"},\"query-input\":{\"@type\":\"PropertyValueSpecification\",\"valueRequired\":true,\"valueName\":\"search_term_string\"}}],\"inLanguage\":\"en-US\"}]}<\/script>\n<!-- \/ Yoast SEO plugin. -->","yoast_head_json":{"title":"Sortie familiale \u00e0 Butterfield Acres - Avril 2019 - Le Centre d&#039;Appui Familial","robots":{"index":"index","follow":"follow","max-snippet":"max-snippet:-1","max-image-preview":"max-image-preview:large","max-video-preview":"max-video-preview:-1"},"canonical":"https:\/\/centredappuifamilial.ca\/en\/product\/sortie-familiale-a-butterfield-acres-avril-2019\/","og_locale":"en_US","og_type":"article","og_title":"Sortie familiale \u00e0 Butterfield Acres - Avril 2019 - Le Centre d&#039;Appui Familial","og_description":"Participez aux L\u00e9gendaires Chasses de P\u00e2ques \u00e0 la ferme Butterfield Acres ! Samedi 20 avril 2019  Tout commence dans l\u2019\u00c9table des anniversaires, o\u00f9 nous \u00e9couterons la l\u00e9gende du Lapin de P\u00e2ques! Lorsque nous saurons ce qu\u2019il faut lui ramener, le moment sera venu pour les enfants de se lancer dans une passionnante chasse au tr\u00e9sor, panier \u00e0 la main. Tous les objets r\u00e9colt\u00e9s devront revenir \u00e0 l\u2019atelier secret du Lapin de P\u00e2ques, avant d\u2019\u00eatre transform\u00e9s par magie en de d\u00e9licieux \u0153ufs qui raviront les enfants du monde entier. Les petits aventuriers se rendront alors au Palais des prairies, o\u00f9 ils obtiendront tout le n\u00e9cessaire pour faire leur propre plantation de printemps, dans des pots ensemenc\u00e9s, arros\u00e9s et emball\u00e9s, pr\u00eats \u00e0 ramener \u00e0 la maison. Ensuite, direction la ferme pour rendre visite aux animaux et faire un tour de poney, avant de se diriger vers la sortie, o\u00f9 le Lapin de P\u00e2ques aura laiss\u00e9 un petit quelque chose \u00e0 chaque enfant pour le remercier de l\u2019avoir aid\u00e9.  Tarifs: 10.00$ par adulte et 7.00$ par enfant (1 an et plus)  Inscriptions au plus tard le 15 avril 2019 au 403-249-1749 (option 1-1) ou caf@citedesrocheuses.com  Transport en bus possible au d\u00e9part de la Cit\u00e9 des Rocheuses (SO) ou du centre Genesis (NE) selon inscriptions","og_url":"https:\/\/centredappuifamilial.ca\/en\/product\/sortie-familiale-a-butterfield-acres-avril-2019\/","og_site_name":"Le Centre d&#039;Appui Familial","article_modified_time":"2019-04-12T20:19:27+00:00","og_image":[{"width":1650,"height":1275,"url":"https:\/\/centredappuifamilial.ca\/wp-content\/uploads\/2019\/04\/sortie-en-famille-\u00e0-butterfield-acres.png","type":"image\/png"}],"twitter_card":"summary_large_image","twitter_misc":{"Est. reading time":"1 minute"},"schema":{"@context":"https:\/\/schema.org","@graph":[{"@type":"WebPage","@id":"https:\/\/centredappuifamilial.ca\/en\/product\/sortie-familiale-a-butterfield-acres-avril-2019\/","url":"https:\/\/centredappuifamilial.ca\/en\/product\/sortie-familiale-a-butterfield-acres-avril-2019\/","name":"Sortie familiale \u00e0 Butterfield Acres - Avril 2019 - Le Centre d&#039;Appui Familial","isPartOf":{"@id":"https:\/\/centredappuifamilial.ca\/#website"},"primaryImageOfPage":{"@id":"https:\/\/centredappuifamilial.ca\/en\/product\/sortie-familiale-a-butterfield-acres-avril-2019\/#primaryimage"},"image":{"@id":"https:\/\/centredappuifamilial.ca\/en\/product\/sortie-familiale-a-butterfield-acres-avril-2019\/#primaryimage"},"thumbnailUrl":"https:\/\/centredappuifamilial.ca\/wp-content\/uploads\/2019\/04\/sortie-en-famille-\u00e0-butterfield-acres.png","datePublished":"2019-04-01T19:38:07+00:00","dateModified":"2019-04-12T20:19:27+00:00","breadcrumb":{"@id":"https:\/\/centredappuifamilial.ca\/en\/product\/sortie-familiale-a-butterfield-acres-avril-2019\/#breadcrumb"},"inLanguage":"en-US","potentialAction":[{"@type":"ReadAction","target":["https:\/\/centredappuifamilial.ca\/en\/product\/sortie-familiale-a-butterfield-acres-avril-2019\/"]}]},{"@type":"ImageObject","inLanguage":"en-US","@id":"https:\/\/centredappuifamilial.ca\/en\/product\/sortie-familiale-a-butterfield-acres-avril-2019\/#primaryimage","url":"https:\/\/centredappuifamilial.ca\/wp-content\/uploads\/2019\/04\/sortie-en-famille-\u00e0-butterfield-acres.png","contentUrl":"https:\/\/centredappuifamilial.ca\/wp-content\/uploads\/2019\/04\/sortie-en-famille-\u00e0-butterfield-acres.png","width":1650,"height":1275},{"@type":"BreadcrumbList","@id":"https:\/\/centredappuifamilial.ca\/en\/product\/sortie-familiale-a-butterfield-acres-avril-2019\/#breadcrumb","itemListElement":[{"@type":"ListItem","position":1,"name":"Home","item":"https:\/\/centredappuifamilial.ca\/en\/"},{"@type":"ListItem","position":2,"name":"Shop","item":"https:\/\/centredappuifamilial.ca\/en\/shop\/"},{"@type":"ListItem","position":3,"name":"Sortie familiale \u00e0 Butterfield Acres &#8211; Avril 2019"}]},{"@type":"WebSite","@id":"https:\/\/centredappuifamilial.ca\/#website","url":"https:\/\/centredappuifamilial.ca\/","name":"Le Centre d&#039;Appui Familial","description":"Le Centre d&#039;Appui Familial","potentialAction":[{"@type":"SearchAction","target":{"@type":"EntryPoint","urlTemplate":"https:\/\/centredappuifamilial.ca\/?s={search_term_string}"},"query-input":{"@type":"PropertyValueSpecification","valueRequired":true,"valueName":"search_term_string"}}],"inLanguage":"en-US"}]}},"_links":{"self":[{"href":"https:\/\/centredappuifamilial.ca\/en\/wp-json\/wp\/v2\/product\/5838","targetHints":{"allow":["GET"]}}],"collection":[{"href":"https:\/\/centredappuifamilial.ca\/en\/wp-json\/wp\/v2\/product"}],"about":[{"href":"https:\/\/centredappuifamilial.ca\/en\/wp-json\/wp\/v2\/types\/product"}],"author":[{"embeddable":true,"href":"https:\/\/centredappuifamilial.ca\/en\/wp-json\/wp\/v2\/users\/2"}],"replies":[{"embeddable":true,"href":"https:\/\/centredappuifamilial.ca\/en\/wp-json\/wp\/v2\/comments?post=5838"}],"wp:featuredmedia":[{"embeddable":true,"href":"https:\/\/centredappuifamilial.ca\/en\/wp-json\/wp\/v2\/media\/5840"}],"wp:attachment":[{"href":"https:\/\/centredappuifamilial.ca\/en\/wp-json\/wp\/v2\/media?parent=5838"}],"wp:term":[{"taxonomy":"product_brand","embeddable":true,"href":"https:\/\/centredappuifamilial.ca\/en\/wp-json\/wp\/v2\/product_brand?post=5838"},{"taxonomy":"product_cat","embeddable":true,"href":"https:\/\/centredappuifamilial.ca\/en\/wp-json\/wp\/v2\/product_cat?post=5838"},{"taxonomy":"product_tag","embeddable":true,"href":"https:\/\/centredappuifamilial.ca\/en\/wp-json\/wp\/v2\/product_tag?post=5838"}],"curies":[{"name":"wp","href":"https:\/\/api.w.org\/{rel}","templated":true}]}}