{"id":5079,"date":"2019-02-26T12:57:44","date_gmt":"2019-02-26T19:57:44","guid":{"rendered":"https:\/\/centredappuifamilial.ca\/?post_type=product&#038;p=5079"},"modified":"2019-11-18T17:06:46","modified_gmt":"2019-11-19T00:06:46","slug":"the-good-food-box-petite-boite","status":"publish","type":"product","link":"https:\/\/centredappuifamilial.ca\/en\/product\/the-good-food-box-petite-boite\/","title":{"rendered":"The Good Food Box &#8211; petite bo\u00eete"},"content":{"rendered":"<div class=\"fusion-fullwidth fullwidth-box fusion-builder-row-1 nonhundred-percent-fullwidth non-hundred-percent-height-scrolling\" style=\"--awb-border-radius-top-left:0px;--awb-border-radius-top-right:0px;--awb-border-radius-bottom-right:0px;--awb-border-radius-bottom-left:0px;--awb-flex-wrap:wrap;\" ><div class=\"fusion-builder-row fusion-row\"><div class=\"fusion-layout-column fusion_builder_column fusion-builder-column-0 fusion_builder_column_1_1 1_1 fusion-one-full fusion-column-first fusion-column-last\" style=\"--awb-bg-size:cover;--awb-margin-bottom:0px;\"><div class=\"fusion-column-wrapper fusion-flex-column-wrapper-legacy\"><div class=\"fusion-text fusion-text-1\"><\/div><div class=\"fusion-clearfix\"><\/div><\/div><\/div><\/div><\/div>\n","protected":false},"excerpt":{"rendered":"[hide for=\"logged\"]<br \/>\n[fusion_button link=\"https:\/\/centredappuifamilial.ca\/produit\/adhesion\/\" text_transform=\"\" title=\"\" target=\"_self\" link_attributes=\"\" alignment=\"left\" modal=\"\" hide_on_mobile=\"small-visibility,medium-visibility,large-visibility\" class=\"\" id=\"\" color=\"default\" button_gradient_top_color=\"\" button_gradient_bottom_color=\"\" button_gradient_top_color_hover=\"\" button_gradient_bottom_color_hover=\"\" accent_color=\"\" accent_hover_color=\"\" type=\"\" bevel_color=\"\" border_width=\"\" size=\"\" stretch=\"default\" shape=\"\" icon=\"\" icon_position=\"left\" icon_divider=\"no\" animation_type=\"\" animation_direction=\"left\" animation_speed=\"0.3\" animation_offset=\"\"]DEVENEZ MEMBRE[\/fusion_button][fusion_button link=\"https:\/\/centredappuifamilial.ca\/mon-compte\/\" text_transform=\"\" title=\"\" target=\"_self\" link_attributes=\"\" alignment=\"\" modal=\"\" hide_on_mobile=\"small-visibility,medium-visibility,large-visibility\" class=\"\" id=\"\" color=\"default\" button_gradient_top_color=\"\" button_gradient_bottom_color=\"\" button_gradient_top_color_hover=\"\" button_gradient_bottom_color_hover=\"\" accent_color=\"\" accent_hover_color=\"\" type=\"\" bevel_color=\"\" border_width=\"\" size=\"\" stretch=\"default\" shape=\"\" icon=\"\" icon_position=\"left\" icon_divider=\"no\" animation_type=\"\" animation_direction=\"left\" animation_speed=\"0.3\" animation_offset=\"\"]S&#8217;IDENTIFIER[\/fusion_button]\u2028[\/hide]\n<p><strong><span style=\"color: #008000;\">The Good Food Box &#8211; Petite bo\u00eete de 20 &#8211; 25 lb \/ 10 kg<\/span><\/strong><\/p>\n<p>Les bo\u00eetes seront livr\u00e9es une fois par mois \u00e0 la Cit\u00e9 des Rocheuses \u2013 4800 Richard road SW \u2013 Calgary<br \/>\nProchaine distribution le Mercredi 27 mars de 13h00 \u00e0 18h00.<br \/>\n<strong>R\u00e9servez votre boite avant le 18 mars 2019.<\/strong><\/p>\n<p><span style=\"color: #003366;\">Pour acheter votre bo\u00eete, cliquez ci-dessous sur <strong><em>Identifiez-vous<\/em><\/strong> si vous avez d\u00e9j\u00e0 un compte avec nous ou cliquez sur <strong><em>Devenez membre<\/em><\/strong> (c&#8217;est gratuit) pour cr\u00e9er votre compte. Vous pourrez ensuite cliquer sur <em><strong>Acheter un billet<\/strong><\/em> pour commander votre bo\u00eete.<\/span><\/p>\n<p>&nbsp;<\/p>\n","protected":false},"author":2,"featured_media":5075,"comment_status":"open","ping_status":"closed","template":"","meta":{"_monsterinsights_skip_tracking":false,"_monsterinsights_sitenote_active":false,"_monsterinsights_sitenote_note":"","_monsterinsights_sitenote_category":0},"product_brand":[],"product_cat":[111],"product_tag":[],"class_list":{"0":"post-5079","1":"product","2":"type-product","3":"status-publish","4":"has-post-thumbnail","6":"product_cat-good-food-box-en","8":"first","9":"outofstock","10":"downloadable","11":"virtual","12":"purchasable","13":"product-type-simple"},"yoast_head":"<!-- This site is optimized with the Yoast SEO plugin v27.3 - https:\/\/yoast.com\/product\/yoast-seo-wordpress\/ -->\n<title>The Good Food Box - petite bo\u00eete - Le Centre d&#039;Appui Familial<\/title>\n<meta name=\"robots\" content=\"index, follow, max-snippet:-1, max-image-preview:large, max-video-preview:-1\" \/>\n<link rel=\"canonical\" href=\"https:\/\/centredappuifamilial.ca\/en\/product\/the-good-food-box-petite-boite\/\" \/>\n<meta property=\"og:locale\" content=\"en_US\" \/>\n<meta property=\"og:type\" content=\"article\" \/>\n<meta property=\"og:title\" content=\"The Good Food Box - petite bo\u00eete - Le Centre d&#039;Appui Familial\" \/>\n<meta property=\"og:description\" content=\"The Good Food Box - Petite bo\u00eete de 20 - 25 lb \/ 10 kg  Les bo\u00eetes seront livr\u00e9es une fois par mois \u00e0 la Cit\u00e9 des Rocheuses \u2013 4800 Richard road SW \u2013 Calgary Prochaine distribution le Mercredi 27 mars de 13h00 \u00e0 18h00. R\u00e9servez votre boite avant le 18 mars 2019.  Pour acheter votre bo\u00eete, cliquez ci-dessous sur Identifiez-vous si vous avez d\u00e9j\u00e0 un compte avec nous ou cliquez sur Devenez membre (c&#039;est gratuit) pour cr\u00e9er votre compte. Vous pourrez ensuite cliquer sur Acheter un billet pour commander votre bo\u00eete.  &nbsp;\" \/>\n<meta property=\"og:url\" content=\"https:\/\/centredappuifamilial.ca\/en\/product\/the-good-food-box-petite-boite\/\" \/>\n<meta property=\"og:site_name\" content=\"Le Centre d&#039;Appui Familial\" \/>\n<meta property=\"article:modified_time\" content=\"2019-11-19T00:06:46+00:00\" \/>\n<meta property=\"og:image\" content=\"https:\/\/centredappuifamilial.ca\/wp-content\/uploads\/2019\/02\/Good-food-box-petite-boite.png\" \/>\n\t<meta property=\"og:image:width\" content=\"1404\" \/>\n\t<meta property=\"og:image:height\" content=\"933\" \/>\n\t<meta property=\"og:image:type\" content=\"image\/png\" \/>\n<meta name=\"twitter:card\" content=\"summary_large_image\" \/>\n<meta name=\"twitter:label1\" content=\"Est. reading time\" \/>\n\t<meta name=\"twitter:data1\" content=\"1 minute\" \/>\n<script type=\"application\/ld+json\" class=\"yoast-schema-graph\">{\"@context\":\"https:\\\/\\\/schema.org\",\"@graph\":[{\"@type\":\"WebPage\",\"@id\":\"https:\\\/\\\/centredappuifamilial.ca\\\/en\\\/product\\\/the-good-food-box-petite-boite\\\/\",\"url\":\"https:\\\/\\\/centredappuifamilial.ca\\\/en\\\/product\\\/the-good-food-box-petite-boite\\\/\",\"name\":\"The Good Food Box - petite bo\u00eete - Le Centre d&#039;Appui Familial\",\"isPartOf\":{\"@id\":\"https:\\\/\\\/centredappuifamilial.ca\\\/#website\"},\"primaryImageOfPage\":{\"@id\":\"https:\\\/\\\/centredappuifamilial.ca\\\/en\\\/product\\\/the-good-food-box-petite-boite\\\/#primaryimage\"},\"image\":{\"@id\":\"https:\\\/\\\/centredappuifamilial.ca\\\/en\\\/product\\\/the-good-food-box-petite-boite\\\/#primaryimage\"},\"thumbnailUrl\":\"https:\\\/\\\/centredappuifamilial.ca\\\/wp-content\\\/uploads\\\/2019\\\/02\\\/Good-food-box-petite-boite.png\",\"datePublished\":\"2019-02-26T19:57:44+00:00\",\"dateModified\":\"2019-11-19T00:06:46+00:00\",\"breadcrumb\":{\"@id\":\"https:\\\/\\\/centredappuifamilial.ca\\\/en\\\/product\\\/the-good-food-box-petite-boite\\\/#breadcrumb\"},\"inLanguage\":\"en-US\",\"potentialAction\":[{\"@type\":\"ReadAction\",\"target\":[\"https:\\\/\\\/centredappuifamilial.ca\\\/en\\\/product\\\/the-good-food-box-petite-boite\\\/\"]}]},{\"@type\":\"ImageObject\",\"inLanguage\":\"en-US\",\"@id\":\"https:\\\/\\\/centredappuifamilial.ca\\\/en\\\/product\\\/the-good-food-box-petite-boite\\\/#primaryimage\",\"url\":\"https:\\\/\\\/centredappuifamilial.ca\\\/wp-content\\\/uploads\\\/2019\\\/02\\\/Good-food-box-petite-boite.png\",\"contentUrl\":\"https:\\\/\\\/centredappuifamilial.ca\\\/wp-content\\\/uploads\\\/2019\\\/02\\\/Good-food-box-petite-boite.png\",\"width\":1404,\"height\":933},{\"@type\":\"BreadcrumbList\",\"@id\":\"https:\\\/\\\/centredappuifamilial.ca\\\/en\\\/product\\\/the-good-food-box-petite-boite\\\/#breadcrumb\",\"itemListElement\":[{\"@type\":\"ListItem\",\"position\":1,\"name\":\"Home\",\"item\":\"https:\\\/\\\/centredappuifamilial.ca\\\/en\\\/\"},{\"@type\":\"ListItem\",\"position\":2,\"name\":\"Shop\",\"item\":\"https:\\\/\\\/centredappuifamilial.ca\\\/en\\\/shop\\\/\"},{\"@type\":\"ListItem\",\"position\":3,\"name\":\"The Good Food Box &#8211; petite bo\u00eete\"}]},{\"@type\":\"WebSite\",\"@id\":\"https:\\\/\\\/centredappuifamilial.ca\\\/#website\",\"url\":\"https:\\\/\\\/centredappuifamilial.ca\\\/\",\"name\":\"Le Centre d&#039;Appui Familial\",\"description\":\"Le Centre d&#039;Appui Familial\",\"potentialAction\":[{\"@type\":\"SearchAction\",\"target\":{\"@type\":\"EntryPoint\",\"urlTemplate\":\"https:\\\/\\\/centredappuifamilial.ca\\\/?s={search_term_string}\"},\"query-input\":{\"@type\":\"PropertyValueSpecification\",\"valueRequired\":true,\"valueName\":\"search_term_string\"}}],\"inLanguage\":\"en-US\"}]}<\/script>\n<!-- \/ Yoast SEO plugin. -->","yoast_head_json":{"title":"The Good Food Box - petite bo\u00eete - Le Centre d&#039;Appui Familial","robots":{"index":"index","follow":"follow","max-snippet":"max-snippet:-1","max-image-preview":"max-image-preview:large","max-video-preview":"max-video-preview:-1"},"canonical":"https:\/\/centredappuifamilial.ca\/en\/product\/the-good-food-box-petite-boite\/","og_locale":"en_US","og_type":"article","og_title":"The Good Food Box - petite bo\u00eete - Le Centre d&#039;Appui Familial","og_description":"The Good Food Box - Petite bo\u00eete de 20 - 25 lb \/ 10 kg  Les bo\u00eetes seront livr\u00e9es une fois par mois \u00e0 la Cit\u00e9 des Rocheuses \u2013 4800 Richard road SW \u2013 Calgary Prochaine distribution le Mercredi 27 mars de 13h00 \u00e0 18h00. R\u00e9servez votre boite avant le 18 mars 2019.  Pour acheter votre bo\u00eete, cliquez ci-dessous sur Identifiez-vous si vous avez d\u00e9j\u00e0 un compte avec nous ou cliquez sur Devenez membre (c'est gratuit) pour cr\u00e9er votre compte. Vous pourrez ensuite cliquer sur Acheter un billet pour commander votre bo\u00eete.  &nbsp;","og_url":"https:\/\/centredappuifamilial.ca\/en\/product\/the-good-food-box-petite-boite\/","og_site_name":"Le Centre d&#039;Appui Familial","article_modified_time":"2019-11-19T00:06:46+00:00","og_image":[{"width":1404,"height":933,"url":"https:\/\/centredappuifamilial.ca\/wp-content\/uploads\/2019\/02\/Good-food-box-petite-boite.png","type":"image\/png"}],"twitter_card":"summary_large_image","twitter_misc":{"Est. reading time":"1 minute"},"schema":{"@context":"https:\/\/schema.org","@graph":[{"@type":"WebPage","@id":"https:\/\/centredappuifamilial.ca\/en\/product\/the-good-food-box-petite-boite\/","url":"https:\/\/centredappuifamilial.ca\/en\/product\/the-good-food-box-petite-boite\/","name":"The Good Food Box - petite bo\u00eete - Le Centre d&#039;Appui Familial","isPartOf":{"@id":"https:\/\/centredappuifamilial.ca\/#website"},"primaryImageOfPage":{"@id":"https:\/\/centredappuifamilial.ca\/en\/product\/the-good-food-box-petite-boite\/#primaryimage"},"image":{"@id":"https:\/\/centredappuifamilial.ca\/en\/product\/the-good-food-box-petite-boite\/#primaryimage"},"thumbnailUrl":"https:\/\/centredappuifamilial.ca\/wp-content\/uploads\/2019\/02\/Good-food-box-petite-boite.png","datePublished":"2019-02-26T19:57:44+00:00","dateModified":"2019-11-19T00:06:46+00:00","breadcrumb":{"@id":"https:\/\/centredappuifamilial.ca\/en\/product\/the-good-food-box-petite-boite\/#breadcrumb"},"inLanguage":"en-US","potentialAction":[{"@type":"ReadAction","target":["https:\/\/centredappuifamilial.ca\/en\/product\/the-good-food-box-petite-boite\/"]}]},{"@type":"ImageObject","inLanguage":"en-US","@id":"https:\/\/centredappuifamilial.ca\/en\/product\/the-good-food-box-petite-boite\/#primaryimage","url":"https:\/\/centredappuifamilial.ca\/wp-content\/uploads\/2019\/02\/Good-food-box-petite-boite.png","contentUrl":"https:\/\/centredappuifamilial.ca\/wp-content\/uploads\/2019\/02\/Good-food-box-petite-boite.png","width":1404,"height":933},{"@type":"BreadcrumbList","@id":"https:\/\/centredappuifamilial.ca\/en\/product\/the-good-food-box-petite-boite\/#breadcrumb","itemListElement":[{"@type":"ListItem","position":1,"name":"Home","item":"https:\/\/centredappuifamilial.ca\/en\/"},{"@type":"ListItem","position":2,"name":"Shop","item":"https:\/\/centredappuifamilial.ca\/en\/shop\/"},{"@type":"ListItem","position":3,"name":"The Good Food Box &#8211; petite bo\u00eete"}]},{"@type":"WebSite","@id":"https:\/\/centredappuifamilial.ca\/#website","url":"https:\/\/centredappuifamilial.ca\/","name":"Le Centre d&#039;Appui Familial","description":"Le Centre d&#039;Appui Familial","potentialAction":[{"@type":"SearchAction","target":{"@type":"EntryPoint","urlTemplate":"https:\/\/centredappuifamilial.ca\/?s={search_term_string}"},"query-input":{"@type":"PropertyValueSpecification","valueRequired":true,"valueName":"search_term_string"}}],"inLanguage":"en-US"}]}},"_links":{"self":[{"href":"https:\/\/centredappuifamilial.ca\/en\/wp-json\/wp\/v2\/product\/5079","targetHints":{"allow":["GET"]}}],"collection":[{"href":"https:\/\/centredappuifamilial.ca\/en\/wp-json\/wp\/v2\/product"}],"about":[{"href":"https:\/\/centredappuifamilial.ca\/en\/wp-json\/wp\/v2\/types\/product"}],"author":[{"embeddable":true,"href":"https:\/\/centredappuifamilial.ca\/en\/wp-json\/wp\/v2\/users\/2"}],"replies":[{"embeddable":true,"href":"https:\/\/centredappuifamilial.ca\/en\/wp-json\/wp\/v2\/comments?post=5079"}],"wp:featuredmedia":[{"embeddable":true,"href":"https:\/\/centredappuifamilial.ca\/en\/wp-json\/wp\/v2\/media\/5075"}],"wp:attachment":[{"href":"https:\/\/centredappuifamilial.ca\/en\/wp-json\/wp\/v2\/media?parent=5079"}],"wp:term":[{"taxonomy":"product_brand","embeddable":true,"href":"https:\/\/centredappuifamilial.ca\/en\/wp-json\/wp\/v2\/product_brand?post=5079"},{"taxonomy":"product_cat","embeddable":true,"href":"https:\/\/centredappuifamilial.ca\/en\/wp-json\/wp\/v2\/product_cat?post=5079"},{"taxonomy":"product_tag","embeddable":true,"href":"https:\/\/centredappuifamilial.ca\/en\/wp-json\/wp\/v2\/product_tag?post=5079"}],"curies":[{"name":"wp","href":"https:\/\/api.w.org\/{rel}","templated":true}]}}