{"id":5026,"date":"2019-02-21T09:50:25","date_gmt":"2019-02-21T16:50:25","guid":{"rendered":"https:\/\/centredappuifamilial.ca\/?post_type=product&#038;p=5026"},"modified":"2019-03-28T00:10:57","modified_gmt":"2019-03-28T06:10:57","slug":"sortie-familiale-au-zoo-mars-2019","status":"publish","type":"product","link":"https:\/\/centredappuifamilial.ca\/en\/product\/sortie-familiale-au-zoo-mars-2019\/","title":{"rendered":"Sortie familiale au ZOO &#8211; Mars 2019"},"content":{"rendered":"<div class=\"fusion-fullwidth fullwidth-box fusion-builder-row-1 nonhundred-percent-fullwidth non-hundred-percent-height-scrolling\" style=\"--awb-border-radius-top-left:0px;--awb-border-radius-top-right:0px;--awb-border-radius-bottom-right:0px;--awb-border-radius-bottom-left:0px;--awb-flex-wrap:wrap;\" ><div class=\"fusion-builder-row fusion-row\"><div class=\"fusion-layout-column fusion_builder_column fusion-builder-column-0 fusion_builder_column_1_1 1_1 fusion-one-full fusion-column-first fusion-column-last\" style=\"--awb-bg-size:cover;--awb-margin-bottom:0px;\"><div class=\"fusion-column-wrapper fusion-flex-column-wrapper-legacy\"><div class=\"fusion-text fusion-text-1\"><\/div><div class=\"fusion-clearfix\"><\/div><\/div><\/div><\/div><\/div>\n","protected":false},"excerpt":{"rendered":"[hide for=\"logged\"]<br \/>\n[fusion_button link=\"https:\/\/centredappuifamilial.ca\/produit\/adhesion\/\" text_transform=\"\" title=\"\" target=\"_self\" link_attributes=\"\" alignment=\"left\" modal=\"\" hide_on_mobile=\"small-visibility,medium-visibility,large-visibility\" class=\"\" id=\"\" color=\"default\" button_gradient_top_color=\"\" button_gradient_bottom_color=\"\" button_gradient_top_color_hover=\"\" button_gradient_bottom_color_hover=\"\" accent_color=\"\" accent_hover_color=\"\" type=\"\" bevel_color=\"\" border_width=\"\" size=\"\" stretch=\"default\" shape=\"\" icon=\"\" icon_position=\"left\" icon_divider=\"no\" animation_type=\"\" animation_direction=\"left\" animation_speed=\"0.3\" animation_offset=\"\"]DEVENEZ MEMBRE[\/fusion_button][fusion_button link=\"https:\/\/centredappuifamilial.ca\/mon-compte\/\" text_transform=\"\" title=\"\" target=\"_self\" link_attributes=\"\" alignment=\"\" modal=\"\" hide_on_mobile=\"small-visibility,medium-visibility,large-visibility\" class=\"\" id=\"\" color=\"default\" button_gradient_top_color=\"\" button_gradient_bottom_color=\"\" button_gradient_top_color_hover=\"\" button_gradient_bottom_color_hover=\"\" accent_color=\"\" accent_hover_color=\"\" type=\"\" bevel_color=\"\" border_width=\"\" size=\"\" stretch=\"default\" shape=\"\" icon=\"\" icon_position=\"left\" icon_divider=\"no\" animation_type=\"\" animation_direction=\"left\" animation_speed=\"0.3\" animation_offset=\"\"]S&#8217;IDENTIFIER[\/fusion_button]\u2028[\/hide]\n<p><strong><span style=\"color: #008000;\">Sortie familiale au ZOO de Calgary<\/span><\/strong><\/p>\n<p>Venez profiter d\u2019une sortie en famille au ZOO de Calgary pendant la semaine de rel\u00e2che !<\/p>\n<p>TARIF: 5.00$ par personne (3 ans et +)<br \/>\n<em>GRATUIT pour les enfants de 2 ans et moins, ne pas leur acheter de billet.<\/em><\/p>\n<p><span style=\"color: #ff0000;\"><strong>Inscriptions obligatoires &#8211; PLACES LIMIT\u00c9ES<\/strong><\/span><\/p>\n<p>Faites vite pour vous inscrire !\u00a0Premier arriv\u00e9, premier servi !<br \/>\n<em><span style=\"color: #ff0000;\">Payer par carte de cr\u00e9dit en ligne est fortement recommand\u00e9\u00a0car votre\u00a0place ne sera confirm\u00e9e qu\u2019une fois que votre paiement sera re\u00e7u.\u00a0<\/span><\/em><br \/>\nEn cas d\u2019annulation ou de non pr\u00e9sentation le jour de la sortie, 100% du montant est retenu.<\/p>\n","protected":false},"author":2,"featured_media":5028,"comment_status":"open","ping_status":"closed","template":"","meta":{"_monsterinsights_skip_tracking":false,"_monsterinsights_sitenote_active":false,"_monsterinsights_sitenote_note":"","_monsterinsights_sitenote_category":0},"product_brand":[],"product_cat":[95,109],"product_tag":[],"class_list":{"0":"post-5026","1":"product","2":"type-product","3":"status-publish","4":"has-post-thumbnail","6":"product_cat-calgary-so-en","7":"product_cat-sortie-en","9":"first","10":"outofstock","11":"downloadable","12":"virtual","13":"purchasable","14":"product-type-simple"},"yoast_head":"<!-- This site is optimized with the Yoast SEO plugin v27.3 - https:\/\/yoast.com\/product\/yoast-seo-wordpress\/ -->\n<title>Sortie familiale au ZOO - Mars 2019 - Le Centre d&#039;Appui Familial<\/title>\n<meta name=\"robots\" content=\"index, follow, max-snippet:-1, max-image-preview:large, max-video-preview:-1\" \/>\n<link rel=\"canonical\" href=\"https:\/\/centredappuifamilial.ca\/en\/product\/sortie-familiale-au-zoo-mars-2019\/\" \/>\n<meta property=\"og:locale\" content=\"en_US\" \/>\n<meta property=\"og:type\" content=\"article\" \/>\n<meta property=\"og:title\" content=\"Sortie familiale au ZOO - Mars 2019 - Le Centre d&#039;Appui Familial\" \/>\n<meta property=\"og:description\" content=\"Sortie familiale au ZOO de Calgary  Venez profiter d\u2019une sortie en famille au ZOO de Calgary pendant la semaine de rel\u00e2che !  TARIF: 5.00$ par personne (3 ans et +) GRATUIT pour les enfants de 2 ans et moins, ne pas leur acheter de billet.  Inscriptions obligatoires - PLACES LIMIT\u00c9ES  Faites vite pour vous inscrire !\u00a0Premier arriv\u00e9, premier servi ! Payer par carte de cr\u00e9dit en ligne est fortement recommand\u00e9\u00a0car votre\u00a0place ne sera confirm\u00e9e qu\u2019une fois que votre paiement sera re\u00e7u.\u00a0 En cas d\u2019annulation ou de non pr\u00e9sentation le jour de la sortie, 100% du montant est retenu.\" \/>\n<meta property=\"og:url\" content=\"https:\/\/centredappuifamilial.ca\/en\/product\/sortie-familiale-au-zoo-mars-2019\/\" \/>\n<meta property=\"og:site_name\" content=\"Le Centre d&#039;Appui Familial\" \/>\n<meta property=\"article:modified_time\" content=\"2019-03-28T06:10:57+00:00\" \/>\n<meta property=\"og:image\" content=\"https:\/\/centredappuifamilial.ca\/wp-content\/uploads\/2019\/02\/Sortie-au-ZOO-mars-2019.png\" \/>\n\t<meta property=\"og:image:width\" content=\"1275\" \/>\n\t<meta property=\"og:image:height\" content=\"1650\" \/>\n\t<meta property=\"og:image:type\" content=\"image\/png\" \/>\n<meta name=\"twitter:card\" content=\"summary_large_image\" \/>\n<meta name=\"twitter:label1\" content=\"Est. reading time\" \/>\n\t<meta name=\"twitter:data1\" content=\"1 minute\" \/>\n<script type=\"application\/ld+json\" class=\"yoast-schema-graph\">{\"@context\":\"https:\\\/\\\/schema.org\",\"@graph\":[{\"@type\":\"WebPage\",\"@id\":\"https:\\\/\\\/centredappuifamilial.ca\\\/en\\\/product\\\/sortie-familiale-au-zoo-mars-2019\\\/\",\"url\":\"https:\\\/\\\/centredappuifamilial.ca\\\/en\\\/product\\\/sortie-familiale-au-zoo-mars-2019\\\/\",\"name\":\"Sortie familiale au ZOO - Mars 2019 - Le Centre d&#039;Appui Familial\",\"isPartOf\":{\"@id\":\"https:\\\/\\\/centredappuifamilial.ca\\\/#website\"},\"primaryImageOfPage\":{\"@id\":\"https:\\\/\\\/centredappuifamilial.ca\\\/en\\\/product\\\/sortie-familiale-au-zoo-mars-2019\\\/#primaryimage\"},\"image\":{\"@id\":\"https:\\\/\\\/centredappuifamilial.ca\\\/en\\\/product\\\/sortie-familiale-au-zoo-mars-2019\\\/#primaryimage\"},\"thumbnailUrl\":\"https:\\\/\\\/centredappuifamilial.ca\\\/wp-content\\\/uploads\\\/2019\\\/02\\\/Sortie-au-ZOO-mars-2019.png\",\"datePublished\":\"2019-02-21T16:50:25+00:00\",\"dateModified\":\"2019-03-28T06:10:57+00:00\",\"breadcrumb\":{\"@id\":\"https:\\\/\\\/centredappuifamilial.ca\\\/en\\\/product\\\/sortie-familiale-au-zoo-mars-2019\\\/#breadcrumb\"},\"inLanguage\":\"en-US\",\"potentialAction\":[{\"@type\":\"ReadAction\",\"target\":[\"https:\\\/\\\/centredappuifamilial.ca\\\/en\\\/product\\\/sortie-familiale-au-zoo-mars-2019\\\/\"]}]},{\"@type\":\"ImageObject\",\"inLanguage\":\"en-US\",\"@id\":\"https:\\\/\\\/centredappuifamilial.ca\\\/en\\\/product\\\/sortie-familiale-au-zoo-mars-2019\\\/#primaryimage\",\"url\":\"https:\\\/\\\/centredappuifamilial.ca\\\/wp-content\\\/uploads\\\/2019\\\/02\\\/Sortie-au-ZOO-mars-2019.png\",\"contentUrl\":\"https:\\\/\\\/centredappuifamilial.ca\\\/wp-content\\\/uploads\\\/2019\\\/02\\\/Sortie-au-ZOO-mars-2019.png\",\"width\":1275,\"height\":1650},{\"@type\":\"BreadcrumbList\",\"@id\":\"https:\\\/\\\/centredappuifamilial.ca\\\/en\\\/product\\\/sortie-familiale-au-zoo-mars-2019\\\/#breadcrumb\",\"itemListElement\":[{\"@type\":\"ListItem\",\"position\":1,\"name\":\"Home\",\"item\":\"https:\\\/\\\/centredappuifamilial.ca\\\/en\\\/\"},{\"@type\":\"ListItem\",\"position\":2,\"name\":\"Shop\",\"item\":\"https:\\\/\\\/centredappuifamilial.ca\\\/en\\\/shop\\\/\"},{\"@type\":\"ListItem\",\"position\":3,\"name\":\"Sortie familiale au ZOO &#8211; Mars 2019\"}]},{\"@type\":\"WebSite\",\"@id\":\"https:\\\/\\\/centredappuifamilial.ca\\\/#website\",\"url\":\"https:\\\/\\\/centredappuifamilial.ca\\\/\",\"name\":\"Le Centre d&#039;Appui Familial\",\"description\":\"Le Centre d&#039;Appui Familial\",\"potentialAction\":[{\"@type\":\"SearchAction\",\"target\":{\"@type\":\"EntryPoint\",\"urlTemplate\":\"https:\\\/\\\/centredappuifamilial.ca\\\/?s={search_term_string}\"},\"query-input\":{\"@type\":\"PropertyValueSpecification\",\"valueRequired\":true,\"valueName\":\"search_term_string\"}}],\"inLanguage\":\"en-US\"}]}<\/script>\n<!-- \/ Yoast SEO plugin. -->","yoast_head_json":{"title":"Sortie familiale au ZOO - Mars 2019 - Le Centre d&#039;Appui Familial","robots":{"index":"index","follow":"follow","max-snippet":"max-snippet:-1","max-image-preview":"max-image-preview:large","max-video-preview":"max-video-preview:-1"},"canonical":"https:\/\/centredappuifamilial.ca\/en\/product\/sortie-familiale-au-zoo-mars-2019\/","og_locale":"en_US","og_type":"article","og_title":"Sortie familiale au ZOO - Mars 2019 - Le Centre d&#039;Appui Familial","og_description":"Sortie familiale au ZOO de Calgary  Venez profiter d\u2019une sortie en famille au ZOO de Calgary pendant la semaine de rel\u00e2che !  TARIF: 5.00$ par personne (3 ans et +) GRATUIT pour les enfants de 2 ans et moins, ne pas leur acheter de billet.  Inscriptions obligatoires - PLACES LIMIT\u00c9ES  Faites vite pour vous inscrire !\u00a0Premier arriv\u00e9, premier servi ! Payer par carte de cr\u00e9dit en ligne est fortement recommand\u00e9\u00a0car votre\u00a0place ne sera confirm\u00e9e qu\u2019une fois que votre paiement sera re\u00e7u.\u00a0 En cas d\u2019annulation ou de non pr\u00e9sentation le jour de la sortie, 100% du montant est retenu.","og_url":"https:\/\/centredappuifamilial.ca\/en\/product\/sortie-familiale-au-zoo-mars-2019\/","og_site_name":"Le Centre d&#039;Appui Familial","article_modified_time":"2019-03-28T06:10:57+00:00","og_image":[{"width":1275,"height":1650,"url":"https:\/\/centredappuifamilial.ca\/wp-content\/uploads\/2019\/02\/Sortie-au-ZOO-mars-2019.png","type":"image\/png"}],"twitter_card":"summary_large_image","twitter_misc":{"Est. reading time":"1 minute"},"schema":{"@context":"https:\/\/schema.org","@graph":[{"@type":"WebPage","@id":"https:\/\/centredappuifamilial.ca\/en\/product\/sortie-familiale-au-zoo-mars-2019\/","url":"https:\/\/centredappuifamilial.ca\/en\/product\/sortie-familiale-au-zoo-mars-2019\/","name":"Sortie familiale au ZOO - Mars 2019 - Le Centre d&#039;Appui Familial","isPartOf":{"@id":"https:\/\/centredappuifamilial.ca\/#website"},"primaryImageOfPage":{"@id":"https:\/\/centredappuifamilial.ca\/en\/product\/sortie-familiale-au-zoo-mars-2019\/#primaryimage"},"image":{"@id":"https:\/\/centredappuifamilial.ca\/en\/product\/sortie-familiale-au-zoo-mars-2019\/#primaryimage"},"thumbnailUrl":"https:\/\/centredappuifamilial.ca\/wp-content\/uploads\/2019\/02\/Sortie-au-ZOO-mars-2019.png","datePublished":"2019-02-21T16:50:25+00:00","dateModified":"2019-03-28T06:10:57+00:00","breadcrumb":{"@id":"https:\/\/centredappuifamilial.ca\/en\/product\/sortie-familiale-au-zoo-mars-2019\/#breadcrumb"},"inLanguage":"en-US","potentialAction":[{"@type":"ReadAction","target":["https:\/\/centredappuifamilial.ca\/en\/product\/sortie-familiale-au-zoo-mars-2019\/"]}]},{"@type":"ImageObject","inLanguage":"en-US","@id":"https:\/\/centredappuifamilial.ca\/en\/product\/sortie-familiale-au-zoo-mars-2019\/#primaryimage","url":"https:\/\/centredappuifamilial.ca\/wp-content\/uploads\/2019\/02\/Sortie-au-ZOO-mars-2019.png","contentUrl":"https:\/\/centredappuifamilial.ca\/wp-content\/uploads\/2019\/02\/Sortie-au-ZOO-mars-2019.png","width":1275,"height":1650},{"@type":"BreadcrumbList","@id":"https:\/\/centredappuifamilial.ca\/en\/product\/sortie-familiale-au-zoo-mars-2019\/#breadcrumb","itemListElement":[{"@type":"ListItem","position":1,"name":"Home","item":"https:\/\/centredappuifamilial.ca\/en\/"},{"@type":"ListItem","position":2,"name":"Shop","item":"https:\/\/centredappuifamilial.ca\/en\/shop\/"},{"@type":"ListItem","position":3,"name":"Sortie familiale au ZOO &#8211; Mars 2019"}]},{"@type":"WebSite","@id":"https:\/\/centredappuifamilial.ca\/#website","url":"https:\/\/centredappuifamilial.ca\/","name":"Le Centre d&#039;Appui Familial","description":"Le Centre d&#039;Appui Familial","potentialAction":[{"@type":"SearchAction","target":{"@type":"EntryPoint","urlTemplate":"https:\/\/centredappuifamilial.ca\/?s={search_term_string}"},"query-input":{"@type":"PropertyValueSpecification","valueRequired":true,"valueName":"search_term_string"}}],"inLanguage":"en-US"}]}},"_links":{"self":[{"href":"https:\/\/centredappuifamilial.ca\/en\/wp-json\/wp\/v2\/product\/5026","targetHints":{"allow":["GET"]}}],"collection":[{"href":"https:\/\/centredappuifamilial.ca\/en\/wp-json\/wp\/v2\/product"}],"about":[{"href":"https:\/\/centredappuifamilial.ca\/en\/wp-json\/wp\/v2\/types\/product"}],"author":[{"embeddable":true,"href":"https:\/\/centredappuifamilial.ca\/en\/wp-json\/wp\/v2\/users\/2"}],"replies":[{"embeddable":true,"href":"https:\/\/centredappuifamilial.ca\/en\/wp-json\/wp\/v2\/comments?post=5026"}],"wp:featuredmedia":[{"embeddable":true,"href":"https:\/\/centredappuifamilial.ca\/en\/wp-json\/wp\/v2\/media\/5028"}],"wp:attachment":[{"href":"https:\/\/centredappuifamilial.ca\/en\/wp-json\/wp\/v2\/media?parent=5026"}],"wp:term":[{"taxonomy":"product_brand","embeddable":true,"href":"https:\/\/centredappuifamilial.ca\/en\/wp-json\/wp\/v2\/product_brand?post=5026"},{"taxonomy":"product_cat","embeddable":true,"href":"https:\/\/centredappuifamilial.ca\/en\/wp-json\/wp\/v2\/product_cat?post=5026"},{"taxonomy":"product_tag","embeddable":true,"href":"https:\/\/centredappuifamilial.ca\/en\/wp-json\/wp\/v2\/product_tag?post=5026"}],"curies":[{"name":"wp","href":"https:\/\/api.w.org\/{rel}","templated":true}]}}