{"id":4613,"date":"2019-01-07T12:36:38","date_gmt":"2019-01-07T19:36:38","guid":{"rendered":"https:\/\/centredappuifamilial.ca\/?post_type=product&#038;p=4613"},"modified":"2019-08-12T15:26:35","modified_gmt":"2019-08-12T21:26:35","slug":"formation-gardiens-avertis-mai-2019","status":"publish","type":"product","link":"https:\/\/centredappuifamilial.ca\/en\/product\/formation-gardiens-avertis-mai-2019\/","title":{"rendered":"Formation Gardiens avertis &#8211; Mai 2019"},"content":{"rendered":"<div class=\"fusion-fullwidth fullwidth-box fusion-builder-row-1 nonhundred-percent-fullwidth non-hundred-percent-height-scrolling\" style=\"--awb-border-radius-top-left:0px;--awb-border-radius-top-right:0px;--awb-border-radius-bottom-right:0px;--awb-border-radius-bottom-left:0px;--awb-flex-wrap:wrap;\" ><div class=\"fusion-builder-row fusion-row\"><div class=\"fusion-layout-column fusion_builder_column fusion-builder-column-0 fusion_builder_column_1_1 1_1 fusion-one-full fusion-column-first fusion-column-last\" style=\"--awb-bg-size:cover;--awb-margin-bottom:0px;\"><div class=\"fusion-column-wrapper fusion-flex-column-wrapper-legacy\"><div class=\"fusion-text fusion-text-1\"><p><strong>Inscriptions obligatoires avant le 7 mai 2019<\/strong><\/p>\n<div>\n<div data-bg-url=\"\">\n<div>\n<div>\n<div>\n<div data-bg-url=\"\">\n<div>\n<p><strong>Contenu du cours<\/strong><\/p>\n<ul>\n<li>Nourrir un b\u00e9b\u00e9 ou changer une couche<\/li>\n<li>Jouer avec des enfants de tous les \u00e2ges (b\u00e9b\u00e9s, pr\u00e9scolaire et scolaire)<\/li>\n<li>Pr\u00e9venir les blessures et assurer la s\u00e9curit\u00e9 des enfants<\/li>\n<li>Comment faire face aux probl\u00e8mes usuels tels que les acc\u00e8s de col\u00e8re et les pleurs.<\/li>\n<li>Comment r\u00e9agir aux \u00e9v\u00e9nements qui mettent le gardien mal \u00e0 l\u2019aise<\/li>\n<li>Les droits et les responsabilit\u00e9s respectives des gardiens et des familles qui les emploient<\/li>\n<li>G\u00e9rer une urgence (\u00e9touffement, entorse et foulure, saignement, empoisonnement, br\u00fblure, incendie, etc.) et appliquer les bases du secourisme<\/li>\n<\/ul>\n<\/div>\n<\/div>\n<\/div>\n<\/div>\n<\/div>\n<div>\n<div data-bg-url=\"\">\n<p>Formation compl\u00e8te d\u2019une dur\u00e9e de 8 heures, pr\u00e9sent\u00e9e en fran\u00e7ais par une formatrice certifi\u00e9e Croix-Rouge.<\/p>\n<p><em>Crit\u00e8res de r\u00e9ussite :<\/em> Pr\u00e9sence \u00e0 la totalit\u00e9 du programme, d\u00e9monstration des comp\u00e9tences.<\/p>\n<div id=\"cid_35\">\n<div id=\"text_35\" data-component=\"text\">\n<p><em>Certificat fourni :<\/em> Ce cours offre aux jeunes la formation Croix Rouge n\u00e9cessaire pour promouvoir leurs services comme gardiens aupr\u00e8s des parents potentiellement int\u00e9ress\u00e9s.<\/p>\n<\/div>\n<\/div>\n<\/div>\n<\/div>\n<\/div>\n<\/div>\n<\/div><div class=\"fusion-clearfix\"><\/div><\/div><\/div><\/div><\/div>\n","protected":false},"excerpt":{"rendered":"[hide for=\"logged\"]<br \/>\n[fusion_button link=\"https:\/\/centredappuifamilial.ca\/produit\/adhesion\/\" text_transform=\"\" title=\"\" target=\"_self\" link_attributes=\"\" alignment=\"left\" modal=\"\" hide_on_mobile=\"small-visibility,medium-visibility,large-visibility\" class=\"\" id=\"\" color=\"default\" button_gradient_top_color=\"\" button_gradient_bottom_color=\"\" button_gradient_top_color_hover=\"\" button_gradient_bottom_color_hover=\"\" accent_color=\"\" accent_hover_color=\"\" type=\"\" bevel_color=\"\" border_width=\"\" size=\"\" stretch=\"default\" shape=\"\" icon=\"\" icon_position=\"left\" icon_divider=\"no\" animation_type=\"\" animation_direction=\"left\" animation_speed=\"0.3\" animation_offset=\"\"]DEVENEZ MEMBRE[\/fusion_button][fusion_button link=\"https:\/\/centredappuifamilial.ca\/mon-compte\/\" text_transform=\"\" title=\"\" target=\"_self\" link_attributes=\"\" alignment=\"\" modal=\"\" hide_on_mobile=\"small-visibility,medium-visibility,large-visibility\" class=\"\" id=\"\" color=\"default\" button_gradient_top_color=\"\" button_gradient_bottom_color=\"\" button_gradient_top_color_hover=\"\" button_gradient_bottom_color_hover=\"\" accent_color=\"\" accent_hover_color=\"\" type=\"\" bevel_color=\"\" border_width=\"\" size=\"\" stretch=\"default\" shape=\"\" icon=\"\" icon_position=\"left\" icon_divider=\"no\" animation_type=\"\" animation_direction=\"left\" animation_speed=\"0.3\" animation_offset=\"\"]S&#8217;IDENTIFIER[\/fusion_button]\u2028[\/hide]\n<p>La formation de\u00a0<strong>Gardiens avertis<\/strong>\u00a0de la Croix-Rouge est un cours qui s\u2019adresse <strong>aux jeunes de 11 \u00e0 15 ans<\/strong> qui d\u00e9sirent garder des enfants. Ce cours pr\u00e9sente les techniques de secourisme de base et les comp\u00e9tences n\u00e9cessaires pour prendre soin d\u2019enfants plus jeunes qu\u2019eux. Les participants apprennent \u00e0 s\u2019occuper d\u2019autres enfants, \u00e0 pr\u00e9venir les urgences et \u00e0 y r\u00e9pondre. Ce cours offre \u00e9galement aux jeunes la formation n\u00e9cessaire pour promouvoir leurs services comme gardiens avertis aupr\u00e8s des parents potentiellement int\u00e9ress\u00e9s.<\/p>\n<p><span style=\"color: #800000;\">Formation en fran\u00e7ais d&#8217;une dur\u00e9e d&#8217;une journ\u00e9e, de 8h30 \u00e0 16h30 (incluant une pause au d\u00eener), dans notre salle d&#8217;activit\u00e9 situ\u00e9e \u00e0 La Cit\u00e9 des Rocheuses.<\/span><\/p>\n","protected":false},"author":2,"featured_media":2705,"comment_status":"open","ping_status":"closed","template":"","meta":{"_monsterinsights_skip_tracking":false,"_monsterinsights_sitenote_active":false,"_monsterinsights_sitenote_note":"","_monsterinsights_sitenote_category":0},"product_brand":[],"product_cat":[95,102],"product_tag":[],"class_list":{"0":"post-4613","1":"product","2":"type-product","3":"status-publish","4":"has-post-thumbnail","6":"product_cat-calgary-so-en","7":"product_cat-croix-rouge-en","9":"first","10":"outofstock","11":"downloadable","12":"virtual","13":"purchasable","14":"product-type-simple"},"yoast_head":"<!-- This site is optimized with the Yoast SEO plugin v27.3 - https:\/\/yoast.com\/product\/yoast-seo-wordpress\/ -->\n<title>Formation Gardiens avertis - Mai 2019 - Le Centre d&#039;Appui Familial<\/title>\n<meta name=\"robots\" content=\"index, follow, max-snippet:-1, max-image-preview:large, max-video-preview:-1\" \/>\n<link rel=\"canonical\" href=\"https:\/\/centredappuifamilial.ca\/en\/product\/formation-gardiens-avertis-mai-2019\/\" \/>\n<meta property=\"og:locale\" content=\"en_US\" \/>\n<meta property=\"og:type\" content=\"article\" \/>\n<meta property=\"og:title\" content=\"Formation Gardiens avertis - Mai 2019 - Le Centre d&#039;Appui Familial\" \/>\n<meta property=\"og:description\" content=\"La formation de\u00a0Gardiens avertis\u00a0de la Croix-Rouge est un cours qui s\u2019adresse aux jeunes de 11 \u00e0 15 ans qui d\u00e9sirent garder des enfants. Ce cours pr\u00e9sente les techniques de secourisme de base et les comp\u00e9tences n\u00e9cessaires pour prendre soin d\u2019enfants plus jeunes qu\u2019eux. Les participants apprennent \u00e0 s\u2019occuper d\u2019autres enfants, \u00e0 pr\u00e9venir les urgences et \u00e0 y r\u00e9pondre. Ce cours offre \u00e9galement aux jeunes la formation n\u00e9cessaire pour promouvoir leurs services comme gardiens avertis aupr\u00e8s des parents potentiellement int\u00e9ress\u00e9s.  Formation en fran\u00e7ais d&#039;une dur\u00e9e d&#039;une journ\u00e9e, de 8h30 \u00e0 16h30 (incluant une pause au d\u00eener), dans notre salle d&#039;activit\u00e9 situ\u00e9e \u00e0 La Cit\u00e9 des Rocheuses.\" \/>\n<meta property=\"og:url\" content=\"https:\/\/centredappuifamilial.ca\/en\/product\/formation-gardiens-avertis-mai-2019\/\" \/>\n<meta property=\"og:site_name\" content=\"Le Centre d&#039;Appui Familial\" \/>\n<meta property=\"article:modified_time\" content=\"2019-08-12T21:26:35+00:00\" \/>\n<meta property=\"og:image\" content=\"https:\/\/centredappuifamilial.ca\/wp-content\/uploads\/2018\/08\/Gardiens-Avertis.png\" \/>\n\t<meta property=\"og:image:width\" content=\"600\" \/>\n\t<meta property=\"og:image:height\" content=\"600\" \/>\n\t<meta property=\"og:image:type\" content=\"image\/png\" \/>\n<meta name=\"twitter:card\" content=\"summary_large_image\" \/>\n<meta name=\"twitter:label1\" content=\"Est. reading time\" \/>\n\t<meta name=\"twitter:data1\" content=\"2 minutes\" \/>\n<script type=\"application\/ld+json\" class=\"yoast-schema-graph\">{\"@context\":\"https:\\\/\\\/schema.org\",\"@graph\":[{\"@type\":\"WebPage\",\"@id\":\"https:\\\/\\\/centredappuifamilial.ca\\\/en\\\/product\\\/formation-gardiens-avertis-mai-2019\\\/\",\"url\":\"https:\\\/\\\/centredappuifamilial.ca\\\/en\\\/product\\\/formation-gardiens-avertis-mai-2019\\\/\",\"name\":\"Formation Gardiens avertis - Mai 2019 - Le Centre d&#039;Appui Familial\",\"isPartOf\":{\"@id\":\"https:\\\/\\\/centredappuifamilial.ca\\\/#website\"},\"primaryImageOfPage\":{\"@id\":\"https:\\\/\\\/centredappuifamilial.ca\\\/en\\\/product\\\/formation-gardiens-avertis-mai-2019\\\/#primaryimage\"},\"image\":{\"@id\":\"https:\\\/\\\/centredappuifamilial.ca\\\/en\\\/product\\\/formation-gardiens-avertis-mai-2019\\\/#primaryimage\"},\"thumbnailUrl\":\"https:\\\/\\\/centredappuifamilial.ca\\\/wp-content\\\/uploads\\\/2018\\\/08\\\/Gardiens-Avertis.png\",\"datePublished\":\"2019-01-07T19:36:38+00:00\",\"dateModified\":\"2019-08-12T21:26:35+00:00\",\"breadcrumb\":{\"@id\":\"https:\\\/\\\/centredappuifamilial.ca\\\/en\\\/product\\\/formation-gardiens-avertis-mai-2019\\\/#breadcrumb\"},\"inLanguage\":\"en-US\",\"potentialAction\":[{\"@type\":\"ReadAction\",\"target\":[\"https:\\\/\\\/centredappuifamilial.ca\\\/en\\\/product\\\/formation-gardiens-avertis-mai-2019\\\/\"]}]},{\"@type\":\"ImageObject\",\"inLanguage\":\"en-US\",\"@id\":\"https:\\\/\\\/centredappuifamilial.ca\\\/en\\\/product\\\/formation-gardiens-avertis-mai-2019\\\/#primaryimage\",\"url\":\"https:\\\/\\\/centredappuifamilial.ca\\\/wp-content\\\/uploads\\\/2018\\\/08\\\/Gardiens-Avertis.png\",\"contentUrl\":\"https:\\\/\\\/centredappuifamilial.ca\\\/wp-content\\\/uploads\\\/2018\\\/08\\\/Gardiens-Avertis.png\",\"width\":600,\"height\":600},{\"@type\":\"BreadcrumbList\",\"@id\":\"https:\\\/\\\/centredappuifamilial.ca\\\/en\\\/product\\\/formation-gardiens-avertis-mai-2019\\\/#breadcrumb\",\"itemListElement\":[{\"@type\":\"ListItem\",\"position\":1,\"name\":\"Home\",\"item\":\"https:\\\/\\\/centredappuifamilial.ca\\\/en\\\/\"},{\"@type\":\"ListItem\",\"position\":2,\"name\":\"Shop\",\"item\":\"https:\\\/\\\/centredappuifamilial.ca\\\/en\\\/shop\\\/\"},{\"@type\":\"ListItem\",\"position\":3,\"name\":\"Formation Gardiens avertis &#8211; Mai 2019\"}]},{\"@type\":\"WebSite\",\"@id\":\"https:\\\/\\\/centredappuifamilial.ca\\\/#website\",\"url\":\"https:\\\/\\\/centredappuifamilial.ca\\\/\",\"name\":\"Le Centre d&#039;Appui Familial\",\"description\":\"Le Centre d&#039;Appui Familial\",\"potentialAction\":[{\"@type\":\"SearchAction\",\"target\":{\"@type\":\"EntryPoint\",\"urlTemplate\":\"https:\\\/\\\/centredappuifamilial.ca\\\/?s={search_term_string}\"},\"query-input\":{\"@type\":\"PropertyValueSpecification\",\"valueRequired\":true,\"valueName\":\"search_term_string\"}}],\"inLanguage\":\"en-US\"}]}<\/script>\n<!-- \/ Yoast SEO plugin. -->","yoast_head_json":{"title":"Formation Gardiens avertis - Mai 2019 - Le Centre d&#039;Appui Familial","robots":{"index":"index","follow":"follow","max-snippet":"max-snippet:-1","max-image-preview":"max-image-preview:large","max-video-preview":"max-video-preview:-1"},"canonical":"https:\/\/centredappuifamilial.ca\/en\/product\/formation-gardiens-avertis-mai-2019\/","og_locale":"en_US","og_type":"article","og_title":"Formation Gardiens avertis - Mai 2019 - Le Centre d&#039;Appui Familial","og_description":"La formation de\u00a0Gardiens avertis\u00a0de la Croix-Rouge est un cours qui s\u2019adresse aux jeunes de 11 \u00e0 15 ans qui d\u00e9sirent garder des enfants. Ce cours pr\u00e9sente les techniques de secourisme de base et les comp\u00e9tences n\u00e9cessaires pour prendre soin d\u2019enfants plus jeunes qu\u2019eux. Les participants apprennent \u00e0 s\u2019occuper d\u2019autres enfants, \u00e0 pr\u00e9venir les urgences et \u00e0 y r\u00e9pondre. Ce cours offre \u00e9galement aux jeunes la formation n\u00e9cessaire pour promouvoir leurs services comme gardiens avertis aupr\u00e8s des parents potentiellement int\u00e9ress\u00e9s.  Formation en fran\u00e7ais d'une dur\u00e9e d'une journ\u00e9e, de 8h30 \u00e0 16h30 (incluant une pause au d\u00eener), dans notre salle d'activit\u00e9 situ\u00e9e \u00e0 La Cit\u00e9 des Rocheuses.","og_url":"https:\/\/centredappuifamilial.ca\/en\/product\/formation-gardiens-avertis-mai-2019\/","og_site_name":"Le Centre d&#039;Appui Familial","article_modified_time":"2019-08-12T21:26:35+00:00","og_image":[{"width":600,"height":600,"url":"https:\/\/centredappuifamilial.ca\/wp-content\/uploads\/2018\/08\/Gardiens-Avertis.png","type":"image\/png"}],"twitter_card":"summary_large_image","twitter_misc":{"Est. reading time":"2 minutes"},"schema":{"@context":"https:\/\/schema.org","@graph":[{"@type":"WebPage","@id":"https:\/\/centredappuifamilial.ca\/en\/product\/formation-gardiens-avertis-mai-2019\/","url":"https:\/\/centredappuifamilial.ca\/en\/product\/formation-gardiens-avertis-mai-2019\/","name":"Formation Gardiens avertis - Mai 2019 - Le Centre d&#039;Appui Familial","isPartOf":{"@id":"https:\/\/centredappuifamilial.ca\/#website"},"primaryImageOfPage":{"@id":"https:\/\/centredappuifamilial.ca\/en\/product\/formation-gardiens-avertis-mai-2019\/#primaryimage"},"image":{"@id":"https:\/\/centredappuifamilial.ca\/en\/product\/formation-gardiens-avertis-mai-2019\/#primaryimage"},"thumbnailUrl":"https:\/\/centredappuifamilial.ca\/wp-content\/uploads\/2018\/08\/Gardiens-Avertis.png","datePublished":"2019-01-07T19:36:38+00:00","dateModified":"2019-08-12T21:26:35+00:00","breadcrumb":{"@id":"https:\/\/centredappuifamilial.ca\/en\/product\/formation-gardiens-avertis-mai-2019\/#breadcrumb"},"inLanguage":"en-US","potentialAction":[{"@type":"ReadAction","target":["https:\/\/centredappuifamilial.ca\/en\/product\/formation-gardiens-avertis-mai-2019\/"]}]},{"@type":"ImageObject","inLanguage":"en-US","@id":"https:\/\/centredappuifamilial.ca\/en\/product\/formation-gardiens-avertis-mai-2019\/#primaryimage","url":"https:\/\/centredappuifamilial.ca\/wp-content\/uploads\/2018\/08\/Gardiens-Avertis.png","contentUrl":"https:\/\/centredappuifamilial.ca\/wp-content\/uploads\/2018\/08\/Gardiens-Avertis.png","width":600,"height":600},{"@type":"BreadcrumbList","@id":"https:\/\/centredappuifamilial.ca\/en\/product\/formation-gardiens-avertis-mai-2019\/#breadcrumb","itemListElement":[{"@type":"ListItem","position":1,"name":"Home","item":"https:\/\/centredappuifamilial.ca\/en\/"},{"@type":"ListItem","position":2,"name":"Shop","item":"https:\/\/centredappuifamilial.ca\/en\/shop\/"},{"@type":"ListItem","position":3,"name":"Formation Gardiens avertis &#8211; Mai 2019"}]},{"@type":"WebSite","@id":"https:\/\/centredappuifamilial.ca\/#website","url":"https:\/\/centredappuifamilial.ca\/","name":"Le Centre d&#039;Appui Familial","description":"Le Centre d&#039;Appui Familial","potentialAction":[{"@type":"SearchAction","target":{"@type":"EntryPoint","urlTemplate":"https:\/\/centredappuifamilial.ca\/?s={search_term_string}"},"query-input":{"@type":"PropertyValueSpecification","valueRequired":true,"valueName":"search_term_string"}}],"inLanguage":"en-US"}]}},"_links":{"self":[{"href":"https:\/\/centredappuifamilial.ca\/en\/wp-json\/wp\/v2\/product\/4613","targetHints":{"allow":["GET"]}}],"collection":[{"href":"https:\/\/centredappuifamilial.ca\/en\/wp-json\/wp\/v2\/product"}],"about":[{"href":"https:\/\/centredappuifamilial.ca\/en\/wp-json\/wp\/v2\/types\/product"}],"author":[{"embeddable":true,"href":"https:\/\/centredappuifamilial.ca\/en\/wp-json\/wp\/v2\/users\/2"}],"replies":[{"embeddable":true,"href":"https:\/\/centredappuifamilial.ca\/en\/wp-json\/wp\/v2\/comments?post=4613"}],"wp:featuredmedia":[{"embeddable":true,"href":"https:\/\/centredappuifamilial.ca\/en\/wp-json\/wp\/v2\/media\/2705"}],"wp:attachment":[{"href":"https:\/\/centredappuifamilial.ca\/en\/wp-json\/wp\/v2\/media?parent=4613"}],"wp:term":[{"taxonomy":"product_brand","embeddable":true,"href":"https:\/\/centredappuifamilial.ca\/en\/wp-json\/wp\/v2\/product_brand?post=4613"},{"taxonomy":"product_cat","embeddable":true,"href":"https:\/\/centredappuifamilial.ca\/en\/wp-json\/wp\/v2\/product_cat?post=4613"},{"taxonomy":"product_tag","embeddable":true,"href":"https:\/\/centredappuifamilial.ca\/en\/wp-json\/wp\/v2\/product_tag?post=4613"}],"curies":[{"name":"wp","href":"https:\/\/api.w.org\/{rel}","templated":true}]}}