{"id":27656,"date":"2023-07-03T03:18:17","date_gmt":"2023-07-03T09:18:17","guid":{"rendered":"https:\/\/centredappuifamilial.ca\/?post_type=product&#038;p=27656"},"modified":"2023-07-03T03:18:53","modified_gmt":"2023-07-03T09:18:53","slug":"abonnement-famille-a-la-bibliotheque-library-membership","status":"publish","type":"product","link":"https:\/\/centredappuifamilial.ca\/en\/product\/abonnement-famille-a-la-bibliotheque-library-membership\/","title":{"rendered":"Abonnement famille \u00e0 la biblioth\u00e8que \/ Library membership"},"content":{"rendered":"<div class=\"fusion-fullwidth fullwidth-box fusion-builder-row-1 nonhundred-percent-fullwidth non-hundred-percent-height-scrolling\" style=\"--awb-border-radius-top-left:0px;--awb-border-radius-top-right:0px;--awb-border-radius-bottom-right:0px;--awb-border-radius-bottom-left:0px;--awb-flex-wrap:wrap;\" ><div class=\"fusion-builder-row fusion-row\"><div class=\"fusion-layout-column fusion_builder_column fusion-builder-column-0 fusion_builder_column_1_1 1_1 fusion-one-full fusion-column-first fusion-column-last\" style=\"--awb-bg-size:cover;--awb-margin-bottom:0px;\"><div class=\"fusion-column-wrapper fusion-flex-column-wrapper-legacy\"><div class=\"fusion-text fusion-text-1\"><p><strong>NOTES AUX ABONN\u00c9S<\/strong> :<\/p>\n<ol>\n<li>Il faut \u00eatre membre de la biblioth\u00e8que du Centre d\u2019appui familial pour emprunter une ressource.<\/li>\n<li>Si les ressources sont rendues en retard, les frais de retard s\u2019appliquent.<\/li>\n<li>Si une ou plusieurs ressources sont rendues incompl\u00e8tes, endommag\u00e9es ou sont perdues, le membre a le choix entre remplacer la \/ les ressource\/s ou r\u00e9gler les frais de remplacement enregistr\u00e9s dans le syst\u00e8me informatique pour chaque ressource.<\/li>\n<\/ol>\n<p><strong>Abonnement Famille<\/strong><\/p>\n<p>Chaque membre de la m\u00eame famille aura le droit d\u2019emprunter des ressources sous le compte de leur famille. Les frais annuels donnent acc\u00e8s aux ressources\u00a0: livres, DVD, CD, jeux, jouets, costumes. Chaque famille peut emprunter un nombre maximum de 20 ressources pour une dur\u00e9e d\u2019emprunt maximum de 21 jours. L\u2019emprunt peut \u00eatre renouvel\u00e9 2 fois tant que les ressources n\u2019ont pas \u00e9t\u00e9 r\u00e9serv\u00e9es par un autre membre de la biblioth\u00e8que.<\/p>\n<\/div><div class=\"fusion-clearfix\"><\/div><\/div><\/div><\/div><\/div>\n","protected":false},"excerpt":{"rendered":"[hide for=\"logged\"]<br \/>\n[fusion_button link=\"https:\/\/centredappuifamilial.ca\/produit\/adhesion\/\" text_transform=\"\" title=\"\" target=\"_self\" link_attributes=\"\" alignment=\"left\" modal=\"\" hide_on_mobile=\"small-visibility,medium-visibility,large-visibility\" class=\"\" id=\"\" color=\"default\" button_gradient_top_color=\"\" button_gradient_bottom_color=\"\" button_gradient_top_color_hover=\"\" button_gradient_bottom_color_hover=\"\" accent_color=\"\" accent_hover_color=\"\" type=\"\" bevel_color=\"\" border_width=\"\" size=\"\" stretch=\"default\" shape=\"\" icon=\"\" icon_position=\"left\" icon_divider=\"no\" animation_type=\"\" animation_direction=\"left\" animation_speed=\"0.3\" animation_offset=\"\"]DEVENEZ MEMBRE[\/fusion_button][fusion_button link=\"https:\/\/centredappuifamilial.ca\/mon-compte\/\" text_transform=\"\" title=\"\" target=\"_self\" link_attributes=\"\" alignment=\"\" modal=\"\" hide_on_mobile=\"small-visibility,medium-visibility,large-visibility\" class=\"\" id=\"\" color=\"default\" button_gradient_top_color=\"\" button_gradient_bottom_color=\"\" button_gradient_top_color_hover=\"\" button_gradient_bottom_color_hover=\"\" accent_color=\"\" accent_hover_color=\"\" type=\"\" bevel_color=\"\" border_width=\"\" size=\"\" stretch=\"default\" shape=\"\" icon=\"\" icon_position=\"left\" icon_divider=\"no\" animation_type=\"\" animation_direction=\"left\" animation_speed=\"0.3\" animation_offset=\"\"]S&#8217;IDENTIFIER[\/fusion_button][\/hide]\n<p><strong>Achetez un abonnement pour notre biblioth\u00e8que et profitez de milliers de livres en fran\u00e7ais<br \/>\n<\/strong><\/p>\n<p>&#8211; Livres pour b\u00e9b\u00e9s, apprentissage de lecture (GB+, etc.), livres audio, bandes-dessin\u00e9es (Ast\u00e9rix, etc.), fiction (pour les jeunes), romans (jeunesse et pour adultes), magazines (Popi, Les Explorateurs, Les D\u00e9brouillards, etc.), documentaires (la science, la nature, les \u00e9motions, etc.) r\u00e9f\u00e9rences pour parents (le soutien parental, la grossesse, la cuisine, la psychologie, etc.)<\/p>\n<p>&#8211; La plus grosse collection de mangas en fran\u00e7ais \u00e0 Calgary<\/p>\n<p>&#8211; Vid\u00e9os (DVD) et musique (CD) en fran\u00e7ais<\/p>\n<p>&#8211; Jouets, jeux \u00e9ducatifs et p\u00e9dagogiques<\/p>\n<p>&#8211; Jeux de soci\u00e9t\u00e9<\/p>\n<p>&#8211; Costumes d\u2019Halloween pour les enfants<\/p>\n","protected":false},"author":1189,"featured_media":26803,"comment_status":"open","ping_status":"closed","template":"","meta":{"_monsterinsights_skip_tracking":false,"_monsterinsights_sitenote_active":false,"_monsterinsights_sitenote_note":"","_monsterinsights_sitenote_category":0},"product_brand":[],"product_cat":[15],"product_tag":[],"class_list":{"0":"post-27656","1":"product","2":"type-product","3":"status-publish","4":"has-post-thumbnail","6":"product_cat-uncategorized","8":"first","9":"instock","10":"downloadable","11":"virtual","12":"purchasable","13":"product-type-simple"},"yoast_head":"<!-- This site is optimized with the Yoast SEO plugin v27.3 - https:\/\/yoast.com\/product\/yoast-seo-wordpress\/ -->\n<title>Abonnement famille \u00e0 la biblioth\u00e8que \/ Library membership - Le Centre d&#039;Appui Familial<\/title>\n<meta name=\"robots\" content=\"index, follow, max-snippet:-1, max-image-preview:large, max-video-preview:-1\" \/>\n<link rel=\"canonical\" href=\"https:\/\/centredappuifamilial.ca\/en\/product\/abonnement-famille-a-la-bibliotheque-library-membership\/\" \/>\n<meta property=\"og:locale\" content=\"en_US\" \/>\n<meta property=\"og:type\" content=\"article\" \/>\n<meta property=\"og:title\" content=\"Abonnement famille \u00e0 la biblioth\u00e8que \/ Library membership - Le Centre d&#039;Appui Familial\" \/>\n<meta property=\"og:description\" content=\"Achetez un abonnement pour notre biblioth\u00e8que et profitez de milliers de livres en fran\u00e7ais   - Livres pour b\u00e9b\u00e9s, apprentissage de lecture (GB+, etc.), livres audio, bandes-dessin\u00e9es (Ast\u00e9rix, etc.), fiction (pour les jeunes), romans (jeunesse et pour adultes), magazines (Popi, Les Explorateurs, Les D\u00e9brouillards, etc.), documentaires (la science, la nature, les \u00e9motions, etc.) r\u00e9f\u00e9rences pour parents (le soutien parental, la grossesse, la cuisine, la psychologie, etc.)  - La plus grosse collection de mangas en fran\u00e7ais \u00e0 Calgary  - Vid\u00e9os (DVD) et musique (CD) en fran\u00e7ais  - Jouets, jeux \u00e9ducatifs et p\u00e9dagogiques  - Jeux de soci\u00e9t\u00e9  - Costumes d\u2019Halloween pour les enfants\" \/>\n<meta property=\"og:url\" content=\"https:\/\/centredappuifamilial.ca\/en\/product\/abonnement-famille-a-la-bibliotheque-library-membership\/\" \/>\n<meta property=\"og:site_name\" content=\"Le Centre d&#039;Appui Familial\" \/>\n<meta property=\"article:modified_time\" content=\"2023-07-03T09:18:53+00:00\" \/>\n<meta property=\"og:image\" content=\"https:\/\/centredappuifamilial.ca\/wp-content\/uploads\/2018\/11\/344750255_192206017080341_6475158653990165706_n.jpg\" \/>\n\t<meta property=\"og:image:width\" content=\"800\" \/>\n\t<meta property=\"og:image:height\" content=\"600\" \/>\n\t<meta property=\"og:image:type\" content=\"image\/jpeg\" \/>\n<meta name=\"twitter:card\" content=\"summary_large_image\" \/>\n<meta name=\"twitter:label1\" content=\"Est. reading time\" \/>\n\t<meta name=\"twitter:data1\" content=\"2 minutes\" \/>\n<script type=\"application\/ld+json\" class=\"yoast-schema-graph\">{\"@context\":\"https:\\\/\\\/schema.org\",\"@graph\":[{\"@type\":\"WebPage\",\"@id\":\"https:\\\/\\\/centredappuifamilial.ca\\\/en\\\/product\\\/abonnement-famille-a-la-bibliotheque-library-membership\\\/\",\"url\":\"https:\\\/\\\/centredappuifamilial.ca\\\/en\\\/product\\\/abonnement-famille-a-la-bibliotheque-library-membership\\\/\",\"name\":\"Abonnement famille \u00e0 la biblioth\u00e8que \\\/ Library membership - Le Centre d&#039;Appui Familial\",\"isPartOf\":{\"@id\":\"https:\\\/\\\/centredappuifamilial.ca\\\/#website\"},\"primaryImageOfPage\":{\"@id\":\"https:\\\/\\\/centredappuifamilial.ca\\\/en\\\/product\\\/abonnement-famille-a-la-bibliotheque-library-membership\\\/#primaryimage\"},\"image\":{\"@id\":\"https:\\\/\\\/centredappuifamilial.ca\\\/en\\\/product\\\/abonnement-famille-a-la-bibliotheque-library-membership\\\/#primaryimage\"},\"thumbnailUrl\":\"https:\\\/\\\/centredappuifamilial.ca\\\/wp-content\\\/uploads\\\/2018\\\/11\\\/344750255_192206017080341_6475158653990165706_n.jpg\",\"datePublished\":\"2023-07-03T09:18:17+00:00\",\"dateModified\":\"2023-07-03T09:18:53+00:00\",\"breadcrumb\":{\"@id\":\"https:\\\/\\\/centredappuifamilial.ca\\\/en\\\/product\\\/abonnement-famille-a-la-bibliotheque-library-membership\\\/#breadcrumb\"},\"inLanguage\":\"en-US\",\"potentialAction\":[{\"@type\":\"ReadAction\",\"target\":[\"https:\\\/\\\/centredappuifamilial.ca\\\/en\\\/product\\\/abonnement-famille-a-la-bibliotheque-library-membership\\\/\"]}]},{\"@type\":\"ImageObject\",\"inLanguage\":\"en-US\",\"@id\":\"https:\\\/\\\/centredappuifamilial.ca\\\/en\\\/product\\\/abonnement-famille-a-la-bibliotheque-library-membership\\\/#primaryimage\",\"url\":\"https:\\\/\\\/centredappuifamilial.ca\\\/wp-content\\\/uploads\\\/2018\\\/11\\\/344750255_192206017080341_6475158653990165706_n.jpg\",\"contentUrl\":\"https:\\\/\\\/centredappuifamilial.ca\\\/wp-content\\\/uploads\\\/2018\\\/11\\\/344750255_192206017080341_6475158653990165706_n.jpg\",\"width\":800,\"height\":600},{\"@type\":\"BreadcrumbList\",\"@id\":\"https:\\\/\\\/centredappuifamilial.ca\\\/en\\\/product\\\/abonnement-famille-a-la-bibliotheque-library-membership\\\/#breadcrumb\",\"itemListElement\":[{\"@type\":\"ListItem\",\"position\":1,\"name\":\"Home\",\"item\":\"https:\\\/\\\/centredappuifamilial.ca\\\/en\\\/\"},{\"@type\":\"ListItem\",\"position\":2,\"name\":\"Shop\",\"item\":\"https:\\\/\\\/centredappuifamilial.ca\\\/en\\\/shop\\\/\"},{\"@type\":\"ListItem\",\"position\":3,\"name\":\"Abonnement famille \u00e0 la biblioth\u00e8que \\\/ Library membership\"}]},{\"@type\":\"WebSite\",\"@id\":\"https:\\\/\\\/centredappuifamilial.ca\\\/#website\",\"url\":\"https:\\\/\\\/centredappuifamilial.ca\\\/\",\"name\":\"Le Centre d&#039;Appui Familial\",\"description\":\"Le Centre d&#039;Appui Familial\",\"potentialAction\":[{\"@type\":\"SearchAction\",\"target\":{\"@type\":\"EntryPoint\",\"urlTemplate\":\"https:\\\/\\\/centredappuifamilial.ca\\\/?s={search_term_string}\"},\"query-input\":{\"@type\":\"PropertyValueSpecification\",\"valueRequired\":true,\"valueName\":\"search_term_string\"}}],\"inLanguage\":\"en-US\"}]}<\/script>\n<!-- \/ Yoast SEO plugin. -->","yoast_head_json":{"title":"Abonnement famille \u00e0 la biblioth\u00e8que \/ Library membership - Le Centre d&#039;Appui Familial","robots":{"index":"index","follow":"follow","max-snippet":"max-snippet:-1","max-image-preview":"max-image-preview:large","max-video-preview":"max-video-preview:-1"},"canonical":"https:\/\/centredappuifamilial.ca\/en\/product\/abonnement-famille-a-la-bibliotheque-library-membership\/","og_locale":"en_US","og_type":"article","og_title":"Abonnement famille \u00e0 la biblioth\u00e8que \/ Library membership - Le Centre d&#039;Appui Familial","og_description":"Achetez un abonnement pour notre biblioth\u00e8que et profitez de milliers de livres en fran\u00e7ais   - Livres pour b\u00e9b\u00e9s, apprentissage de lecture (GB+, etc.), livres audio, bandes-dessin\u00e9es (Ast\u00e9rix, etc.), fiction (pour les jeunes), romans (jeunesse et pour adultes), magazines (Popi, Les Explorateurs, Les D\u00e9brouillards, etc.), documentaires (la science, la nature, les \u00e9motions, etc.) r\u00e9f\u00e9rences pour parents (le soutien parental, la grossesse, la cuisine, la psychologie, etc.)  - La plus grosse collection de mangas en fran\u00e7ais \u00e0 Calgary  - Vid\u00e9os (DVD) et musique (CD) en fran\u00e7ais  - Jouets, jeux \u00e9ducatifs et p\u00e9dagogiques  - Jeux de soci\u00e9t\u00e9  - Costumes d\u2019Halloween pour les enfants","og_url":"https:\/\/centredappuifamilial.ca\/en\/product\/abonnement-famille-a-la-bibliotheque-library-membership\/","og_site_name":"Le Centre d&#039;Appui Familial","article_modified_time":"2023-07-03T09:18:53+00:00","og_image":[{"width":800,"height":600,"url":"https:\/\/centredappuifamilial.ca\/wp-content\/uploads\/2018\/11\/344750255_192206017080341_6475158653990165706_n.jpg","type":"image\/jpeg"}],"twitter_card":"summary_large_image","twitter_misc":{"Est. reading time":"2 minutes"},"schema":{"@context":"https:\/\/schema.org","@graph":[{"@type":"WebPage","@id":"https:\/\/centredappuifamilial.ca\/en\/product\/abonnement-famille-a-la-bibliotheque-library-membership\/","url":"https:\/\/centredappuifamilial.ca\/en\/product\/abonnement-famille-a-la-bibliotheque-library-membership\/","name":"Abonnement famille \u00e0 la biblioth\u00e8que \/ Library membership - Le Centre d&#039;Appui Familial","isPartOf":{"@id":"https:\/\/centredappuifamilial.ca\/#website"},"primaryImageOfPage":{"@id":"https:\/\/centredappuifamilial.ca\/en\/product\/abonnement-famille-a-la-bibliotheque-library-membership\/#primaryimage"},"image":{"@id":"https:\/\/centredappuifamilial.ca\/en\/product\/abonnement-famille-a-la-bibliotheque-library-membership\/#primaryimage"},"thumbnailUrl":"https:\/\/centredappuifamilial.ca\/wp-content\/uploads\/2018\/11\/344750255_192206017080341_6475158653990165706_n.jpg","datePublished":"2023-07-03T09:18:17+00:00","dateModified":"2023-07-03T09:18:53+00:00","breadcrumb":{"@id":"https:\/\/centredappuifamilial.ca\/en\/product\/abonnement-famille-a-la-bibliotheque-library-membership\/#breadcrumb"},"inLanguage":"en-US","potentialAction":[{"@type":"ReadAction","target":["https:\/\/centredappuifamilial.ca\/en\/product\/abonnement-famille-a-la-bibliotheque-library-membership\/"]}]},{"@type":"ImageObject","inLanguage":"en-US","@id":"https:\/\/centredappuifamilial.ca\/en\/product\/abonnement-famille-a-la-bibliotheque-library-membership\/#primaryimage","url":"https:\/\/centredappuifamilial.ca\/wp-content\/uploads\/2018\/11\/344750255_192206017080341_6475158653990165706_n.jpg","contentUrl":"https:\/\/centredappuifamilial.ca\/wp-content\/uploads\/2018\/11\/344750255_192206017080341_6475158653990165706_n.jpg","width":800,"height":600},{"@type":"BreadcrumbList","@id":"https:\/\/centredappuifamilial.ca\/en\/product\/abonnement-famille-a-la-bibliotheque-library-membership\/#breadcrumb","itemListElement":[{"@type":"ListItem","position":1,"name":"Home","item":"https:\/\/centredappuifamilial.ca\/en\/"},{"@type":"ListItem","position":2,"name":"Shop","item":"https:\/\/centredappuifamilial.ca\/en\/shop\/"},{"@type":"ListItem","position":3,"name":"Abonnement famille \u00e0 la biblioth\u00e8que \/ Library membership"}]},{"@type":"WebSite","@id":"https:\/\/centredappuifamilial.ca\/#website","url":"https:\/\/centredappuifamilial.ca\/","name":"Le Centre d&#039;Appui Familial","description":"Le Centre d&#039;Appui Familial","potentialAction":[{"@type":"SearchAction","target":{"@type":"EntryPoint","urlTemplate":"https:\/\/centredappuifamilial.ca\/?s={search_term_string}"},"query-input":{"@type":"PropertyValueSpecification","valueRequired":true,"valueName":"search_term_string"}}],"inLanguage":"en-US"}]}},"_links":{"self":[{"href":"https:\/\/centredappuifamilial.ca\/en\/wp-json\/wp\/v2\/product\/27656","targetHints":{"allow":["GET"]}}],"collection":[{"href":"https:\/\/centredappuifamilial.ca\/en\/wp-json\/wp\/v2\/product"}],"about":[{"href":"https:\/\/centredappuifamilial.ca\/en\/wp-json\/wp\/v2\/types\/product"}],"author":[{"embeddable":true,"href":"https:\/\/centredappuifamilial.ca\/en\/wp-json\/wp\/v2\/users\/1189"}],"replies":[{"embeddable":true,"href":"https:\/\/centredappuifamilial.ca\/en\/wp-json\/wp\/v2\/comments?post=27656"}],"wp:featuredmedia":[{"embeddable":true,"href":"https:\/\/centredappuifamilial.ca\/en\/wp-json\/wp\/v2\/media\/26803"}],"wp:attachment":[{"href":"https:\/\/centredappuifamilial.ca\/en\/wp-json\/wp\/v2\/media?parent=27656"}],"wp:term":[{"taxonomy":"product_brand","embeddable":true,"href":"https:\/\/centredappuifamilial.ca\/en\/wp-json\/wp\/v2\/product_brand?post=27656"},{"taxonomy":"product_cat","embeddable":true,"href":"https:\/\/centredappuifamilial.ca\/en\/wp-json\/wp\/v2\/product_cat?post=27656"},{"taxonomy":"product_tag","embeddable":true,"href":"https:\/\/centredappuifamilial.ca\/en\/wp-json\/wp\/v2\/product_tag?post=27656"}],"curies":[{"name":"wp","href":"https:\/\/api.w.org\/{rel}","templated":true}]}}