{"id":23215,"date":"2022-06-17T14:35:47","date_gmt":"2022-06-17T20:35:47","guid":{"rendered":"https:\/\/centredappuifamilial.ca\/?post_type=product&#038;p=23215"},"modified":"2023-05-10T13:11:07","modified_gmt":"2023-05-10T19:11:07","slug":"fete-de-saint-jean-baptiste-2022","status":"publish","type":"product","link":"https:\/\/centredappuifamilial.ca\/en\/product\/fete-de-saint-jean-baptiste-2022\/","title":{"rendered":"F\u00eate de la Saint-Jean-Baptiste 2022"},"content":{"rendered":"","protected":false},"excerpt":{"rendered":"[hide for=\"logged\"]<br \/>\n[fusion_button link=\"https:\/\/centredappuifamilial.ca\/produit\/adhesion\/\" text_transform=\"\" title=\"\" target=\"_self\" link_attributes=\"\" alignment=\"left\" modal=\"\" hide_on_mobile=\"small-visibility,medium-visibility,large-visibility\" class=\"\" id=\"\" color=\"default\" button_gradient_top_color=\"\" button_gradient_bottom_color=\"\" button_gradient_top_color_hover=\"\" button_gradient_bottom_color_hover=\"\" accent_color=\"\" accent_hover_color=\"\" type=\"\" bevel_color=\"\" border_width=\"\" size=\"\" stretch=\"default\" shape=\"\" icon=\"\" icon_position=\"left\" icon_divider=\"no\" animation_type=\"\" animation_direction=\"left\" animation_speed=\"0.3\" animation_offset=\"\"]DEVENEZ MEMBRE[\/fusion_button][fusion_button link=\"https:\/\/centredappuifamilial.ca\/mon-compte\/\" text_transform=\"\" title=\"\" target=\"_self\" link_attributes=\"\" alignment=\"\" modal=\"\" hide_on_mobile=\"small-visibility,medium-visibility,large-visibility\" class=\"\" id=\"\" color=\"default\" button_gradient_top_color=\"\" button_gradient_bottom_color=\"\" button_gradient_top_color_hover=\"\" button_gradient_bottom_color_hover=\"\" accent_color=\"\" accent_hover_color=\"\" type=\"\" bevel_color=\"\" border_width=\"\" size=\"\" stretch=\"default\" shape=\"\" icon=\"\" icon_position=\"left\" icon_divider=\"no\" animation_type=\"\" animation_direction=\"left\" animation_speed=\"0.3\" animation_offset=\"\"]S&#8217;IDENTIFIER[\/fusion_button][\/hide]\n<div class=\"kvgmc6g5 cxmmr5t8 oygrvhab hcukyx3x c1et5uql\">\n<div class=\"kvgmc6g5 cxmmr5t8 oygrvhab hcukyx3x c1et5uql ii04i59q\">\n<div dir=\"auto\">Le Centre d\u2019appui familial et la Cit\u00e9 des Rocheuses sont heureux de vous donner rendez-vous le samedi 25 juin d\u00e8s 15h30, \u00e0 la cit\u00e9 des Rocheuses, pour f\u00eater la Saint-Jean en famille ou entre amis!<\/div>\n<\/div>\n<div class=\"cxmmr5t8 oygrvhab hcukyx3x c1et5uql o9v6fnle ii04i59q\">\n<div dir=\"auto\">Au programme : mini-ferme, spectacle de musique, jeux gonflables, th\u00e9\u00e2tre communautaire et autres activit\u00e9s r\u00e9cr\u00e9atives.<\/div>\n<\/div>\n<div class=\"cxmmr5t8 oygrvhab hcukyx3x c1et5uql o9v6fnle ii04i59q\">\n<div dir=\"auto\">Cet \u00e9v\u00e9nement vous est propos\u00e9 avec le soutien de l&#8217;ACFA r\u00e9gionale de Calgary et l\u2019\u00e9cole SMB .<\/div>\n<\/div>\n<\/div>\n<ul>\n<li>Date : <b>le samedi 25 Juin\u00a0<\/b><\/li>\n<li>Lieu : <strong>La Cit\u00e9 des Rocheuses<\/strong> <strong>(4800 Richard Road SW)<\/strong><\/li>\n<li>Horaires : de 15:30 \u00e0 20:30<\/li>\n<\/ul>\n<p><strong><span style=\"color: #ff0000;\">* Inscription sur place<\/span><\/strong><\/p>\n<div dir=\"auto\"><\/div>\n","protected":false},"author":1505,"featured_media":23217,"comment_status":"open","ping_status":"closed","template":"","meta":{"_monsterinsights_skip_tracking":false,"_monsterinsights_sitenote_active":false,"_monsterinsights_sitenote_note":"","_monsterinsights_sitenote_category":0},"product_brand":[],"product_cat":[87,88],"product_tag":[],"class_list":{"0":"post-23215","1":"product","2":"type-product","3":"status-publish","4":"has-post-thumbnail","6":"product_cat-activite-en","7":"product_cat-calgary-en","9":"first","10":"outofstock","11":"downloadable","12":"virtual","13":"purchasable","14":"product-type-simple"},"yoast_head":"<!-- This site is optimized with the Yoast SEO plugin v27.3 - https:\/\/yoast.com\/product\/yoast-seo-wordpress\/ -->\n<title>F\u00eate de la Saint-Jean-Baptiste 2022 - Le Centre d&#039;Appui Familial<\/title>\n<meta name=\"robots\" content=\"index, follow, max-snippet:-1, max-image-preview:large, max-video-preview:-1\" \/>\n<link rel=\"canonical\" href=\"https:\/\/centredappuifamilial.ca\/en\/product\/fete-de-saint-jean-baptiste-2022\/\" \/>\n<meta property=\"og:locale\" content=\"en_US\" \/>\n<meta property=\"og:type\" content=\"article\" \/>\n<meta property=\"og:title\" content=\"F\u00eate de la Saint-Jean-Baptiste 2022 - Le Centre d&#039;Appui Familial\" \/>\n<meta property=\"og:description\" content=\"Le Centre d\u2019appui familial et la Cit\u00e9 des Rocheuses sont heureux de vous donner rendez-vous le samedi 25 juin d\u00e8s 15h30, \u00e0 la cit\u00e9 des Rocheuses, pour f\u00eater la Saint-Jean en famille ou entre amis!   Au programme : mini-ferme, spectacle de musique, jeux gonflables, th\u00e9\u00e2tre communautaire et autres activit\u00e9s r\u00e9cr\u00e9atives.   Cet \u00e9v\u00e9nement vous est propos\u00e9 avec le soutien de l&#039;ACFA r\u00e9gionale de Calgary et l\u2019\u00e9cole SMB .     Date : le samedi 25 Juin\u00a0  Lieu : La Cit\u00e9 des Rocheuses (4800 Richard Road SW)  Horaires : de 15:30 \u00e0 20:30  * Inscription sur place\" \/>\n<meta property=\"og:url\" content=\"https:\/\/centredappuifamilial.ca\/en\/product\/fete-de-saint-jean-baptiste-2022\/\" \/>\n<meta property=\"og:site_name\" content=\"Le Centre d&#039;Appui Familial\" \/>\n<meta property=\"article:modified_time\" content=\"2023-05-10T19:11:07+00:00\" \/>\n<meta property=\"og:image\" content=\"https:\/\/centredappuifamilial.ca\/wp-content\/uploads\/2022\/06\/Saint-Jean-affiche-2022.jpg\" \/>\n\t<meta property=\"og:image:width\" content=\"800\" \/>\n\t<meta property=\"og:image:height\" content=\"600\" \/>\n\t<meta property=\"og:image:type\" content=\"image\/jpeg\" \/>\n<meta name=\"twitter:card\" content=\"summary_large_image\" \/>\n<script type=\"application\/ld+json\" class=\"yoast-schema-graph\">{\"@context\":\"https:\\\/\\\/schema.org\",\"@graph\":[{\"@type\":\"WebPage\",\"@id\":\"https:\\\/\\\/centredappuifamilial.ca\\\/en\\\/product\\\/fete-de-saint-jean-baptiste-2022\\\/\",\"url\":\"https:\\\/\\\/centredappuifamilial.ca\\\/en\\\/product\\\/fete-de-saint-jean-baptiste-2022\\\/\",\"name\":\"F\u00eate de la Saint-Jean-Baptiste 2022 - Le Centre d&#039;Appui Familial\",\"isPartOf\":{\"@id\":\"https:\\\/\\\/centredappuifamilial.ca\\\/#website\"},\"primaryImageOfPage\":{\"@id\":\"https:\\\/\\\/centredappuifamilial.ca\\\/en\\\/product\\\/fete-de-saint-jean-baptiste-2022\\\/#primaryimage\"},\"image\":{\"@id\":\"https:\\\/\\\/centredappuifamilial.ca\\\/en\\\/product\\\/fete-de-saint-jean-baptiste-2022\\\/#primaryimage\"},\"thumbnailUrl\":\"https:\\\/\\\/centredappuifamilial.ca\\\/wp-content\\\/uploads\\\/2022\\\/06\\\/Saint-Jean-affiche-2022.jpg\",\"datePublished\":\"2022-06-17T20:35:47+00:00\",\"dateModified\":\"2023-05-10T19:11:07+00:00\",\"breadcrumb\":{\"@id\":\"https:\\\/\\\/centredappuifamilial.ca\\\/en\\\/product\\\/fete-de-saint-jean-baptiste-2022\\\/#breadcrumb\"},\"inLanguage\":\"en-US\",\"potentialAction\":[{\"@type\":\"ReadAction\",\"target\":[\"https:\\\/\\\/centredappuifamilial.ca\\\/en\\\/product\\\/fete-de-saint-jean-baptiste-2022\\\/\"]}]},{\"@type\":\"ImageObject\",\"inLanguage\":\"en-US\",\"@id\":\"https:\\\/\\\/centredappuifamilial.ca\\\/en\\\/product\\\/fete-de-saint-jean-baptiste-2022\\\/#primaryimage\",\"url\":\"https:\\\/\\\/centredappuifamilial.ca\\\/wp-content\\\/uploads\\\/2022\\\/06\\\/Saint-Jean-affiche-2022.jpg\",\"contentUrl\":\"https:\\\/\\\/centredappuifamilial.ca\\\/wp-content\\\/uploads\\\/2022\\\/06\\\/Saint-Jean-affiche-2022.jpg\",\"width\":800,\"height\":600},{\"@type\":\"BreadcrumbList\",\"@id\":\"https:\\\/\\\/centredappuifamilial.ca\\\/en\\\/product\\\/fete-de-saint-jean-baptiste-2022\\\/#breadcrumb\",\"itemListElement\":[{\"@type\":\"ListItem\",\"position\":1,\"name\":\"Home\",\"item\":\"https:\\\/\\\/centredappuifamilial.ca\\\/en\\\/\"},{\"@type\":\"ListItem\",\"position\":2,\"name\":\"Shop\",\"item\":\"https:\\\/\\\/centredappuifamilial.ca\\\/en\\\/shop\\\/\"},{\"@type\":\"ListItem\",\"position\":3,\"name\":\"F\u00eate de la Saint-Jean-Baptiste 2022\"}]},{\"@type\":\"WebSite\",\"@id\":\"https:\\\/\\\/centredappuifamilial.ca\\\/#website\",\"url\":\"https:\\\/\\\/centredappuifamilial.ca\\\/\",\"name\":\"Le Centre d&#039;Appui Familial\",\"description\":\"Le Centre d&#039;Appui Familial\",\"potentialAction\":[{\"@type\":\"SearchAction\",\"target\":{\"@type\":\"EntryPoint\",\"urlTemplate\":\"https:\\\/\\\/centredappuifamilial.ca\\\/?s={search_term_string}\"},\"query-input\":{\"@type\":\"PropertyValueSpecification\",\"valueRequired\":true,\"valueName\":\"search_term_string\"}}],\"inLanguage\":\"en-US\"}]}<\/script>\n<!-- \/ Yoast SEO plugin. -->","yoast_head_json":{"title":"F\u00eate de la Saint-Jean-Baptiste 2022 - Le Centre d&#039;Appui Familial","robots":{"index":"index","follow":"follow","max-snippet":"max-snippet:-1","max-image-preview":"max-image-preview:large","max-video-preview":"max-video-preview:-1"},"canonical":"https:\/\/centredappuifamilial.ca\/en\/product\/fete-de-saint-jean-baptiste-2022\/","og_locale":"en_US","og_type":"article","og_title":"F\u00eate de la Saint-Jean-Baptiste 2022 - Le Centre d&#039;Appui Familial","og_description":"Le Centre d\u2019appui familial et la Cit\u00e9 des Rocheuses sont heureux de vous donner rendez-vous le samedi 25 juin d\u00e8s 15h30, \u00e0 la cit\u00e9 des Rocheuses, pour f\u00eater la Saint-Jean en famille ou entre amis!   Au programme : mini-ferme, spectacle de musique, jeux gonflables, th\u00e9\u00e2tre communautaire et autres activit\u00e9s r\u00e9cr\u00e9atives.   Cet \u00e9v\u00e9nement vous est propos\u00e9 avec le soutien de l'ACFA r\u00e9gionale de Calgary et l\u2019\u00e9cole SMB .     Date : le samedi 25 Juin\u00a0  Lieu : La Cit\u00e9 des Rocheuses (4800 Richard Road SW)  Horaires : de 15:30 \u00e0 20:30  * Inscription sur place","og_url":"https:\/\/centredappuifamilial.ca\/en\/product\/fete-de-saint-jean-baptiste-2022\/","og_site_name":"Le Centre d&#039;Appui Familial","article_modified_time":"2023-05-10T19:11:07+00:00","og_image":[{"width":800,"height":600,"url":"https:\/\/centredappuifamilial.ca\/wp-content\/uploads\/2022\/06\/Saint-Jean-affiche-2022.jpg","type":"image\/jpeg"}],"twitter_card":"summary_large_image","schema":{"@context":"https:\/\/schema.org","@graph":[{"@type":"WebPage","@id":"https:\/\/centredappuifamilial.ca\/en\/product\/fete-de-saint-jean-baptiste-2022\/","url":"https:\/\/centredappuifamilial.ca\/en\/product\/fete-de-saint-jean-baptiste-2022\/","name":"F\u00eate de la Saint-Jean-Baptiste 2022 - Le Centre d&#039;Appui Familial","isPartOf":{"@id":"https:\/\/centredappuifamilial.ca\/#website"},"primaryImageOfPage":{"@id":"https:\/\/centredappuifamilial.ca\/en\/product\/fete-de-saint-jean-baptiste-2022\/#primaryimage"},"image":{"@id":"https:\/\/centredappuifamilial.ca\/en\/product\/fete-de-saint-jean-baptiste-2022\/#primaryimage"},"thumbnailUrl":"https:\/\/centredappuifamilial.ca\/wp-content\/uploads\/2022\/06\/Saint-Jean-affiche-2022.jpg","datePublished":"2022-06-17T20:35:47+00:00","dateModified":"2023-05-10T19:11:07+00:00","breadcrumb":{"@id":"https:\/\/centredappuifamilial.ca\/en\/product\/fete-de-saint-jean-baptiste-2022\/#breadcrumb"},"inLanguage":"en-US","potentialAction":[{"@type":"ReadAction","target":["https:\/\/centredappuifamilial.ca\/en\/product\/fete-de-saint-jean-baptiste-2022\/"]}]},{"@type":"ImageObject","inLanguage":"en-US","@id":"https:\/\/centredappuifamilial.ca\/en\/product\/fete-de-saint-jean-baptiste-2022\/#primaryimage","url":"https:\/\/centredappuifamilial.ca\/wp-content\/uploads\/2022\/06\/Saint-Jean-affiche-2022.jpg","contentUrl":"https:\/\/centredappuifamilial.ca\/wp-content\/uploads\/2022\/06\/Saint-Jean-affiche-2022.jpg","width":800,"height":600},{"@type":"BreadcrumbList","@id":"https:\/\/centredappuifamilial.ca\/en\/product\/fete-de-saint-jean-baptiste-2022\/#breadcrumb","itemListElement":[{"@type":"ListItem","position":1,"name":"Home","item":"https:\/\/centredappuifamilial.ca\/en\/"},{"@type":"ListItem","position":2,"name":"Shop","item":"https:\/\/centredappuifamilial.ca\/en\/shop\/"},{"@type":"ListItem","position":3,"name":"F\u00eate de la Saint-Jean-Baptiste 2022"}]},{"@type":"WebSite","@id":"https:\/\/centredappuifamilial.ca\/#website","url":"https:\/\/centredappuifamilial.ca\/","name":"Le Centre d&#039;Appui Familial","description":"Le Centre d&#039;Appui Familial","potentialAction":[{"@type":"SearchAction","target":{"@type":"EntryPoint","urlTemplate":"https:\/\/centredappuifamilial.ca\/?s={search_term_string}"},"query-input":{"@type":"PropertyValueSpecification","valueRequired":true,"valueName":"search_term_string"}}],"inLanguage":"en-US"}]}},"_links":{"self":[{"href":"https:\/\/centredappuifamilial.ca\/en\/wp-json\/wp\/v2\/product\/23215","targetHints":{"allow":["GET"]}}],"collection":[{"href":"https:\/\/centredappuifamilial.ca\/en\/wp-json\/wp\/v2\/product"}],"about":[{"href":"https:\/\/centredappuifamilial.ca\/en\/wp-json\/wp\/v2\/types\/product"}],"author":[{"embeddable":true,"href":"https:\/\/centredappuifamilial.ca\/en\/wp-json\/wp\/v2\/users\/1505"}],"replies":[{"embeddable":true,"href":"https:\/\/centredappuifamilial.ca\/en\/wp-json\/wp\/v2\/comments?post=23215"}],"wp:featuredmedia":[{"embeddable":true,"href":"https:\/\/centredappuifamilial.ca\/en\/wp-json\/wp\/v2\/media\/23217"}],"wp:attachment":[{"href":"https:\/\/centredappuifamilial.ca\/en\/wp-json\/wp\/v2\/media?parent=23215"}],"wp:term":[{"taxonomy":"product_brand","embeddable":true,"href":"https:\/\/centredappuifamilial.ca\/en\/wp-json\/wp\/v2\/product_brand?post=23215"},{"taxonomy":"product_cat","embeddable":true,"href":"https:\/\/centredappuifamilial.ca\/en\/wp-json\/wp\/v2\/product_cat?post=23215"},{"taxonomy":"product_tag","embeddable":true,"href":"https:\/\/centredappuifamilial.ca\/en\/wp-json\/wp\/v2\/product_tag?post=23215"}],"curies":[{"name":"wp","href":"https:\/\/api.w.org\/{rel}","templated":true}]}}